{"id":13073,"date":"2022-01-28T13:31:21","date_gmt":"2022-01-28T13:31:21","guid":{"rendered":"https:\/\/www.emerchantpay.com\/terms-of-use\/"},"modified":"2024-07-16T07:59:05","modified_gmt":"2024-07-16T07:59:05","slug":"terms-of-use","status":"publish","type":"page","link":"https:\/\/www.emerchantpay.com\/de\/terms-of-use\/","title":{"rendered":"Terms of use"},"content":{"rendered":"<div class=\"row text-center s-vrt-pdng-l bgr-green\">\r\n  <div class=\"col-12\">\r\n    <div class=\"s-hr-pdng-m\">\r\n      <h1 class=\"text-white\">Nutzungsbedingungen<\/h1>\r\n      <h2 class=\"medium-leading-text\">Bedingungen f\u00fcr den Zugriff und die Nutzung unserer Webseite<\/h2>\r\n      <p class=\"font-light medium-text\">\r\n        Version 1.1, 28 Februar 2018\r\n      <\/p>\r\n    <\/div>\r\n  <\/div>\r\n<\/div>\r\n<div class=\"row s-vrt-pdng-m bgr-white\">\r\n  <div class=\"col-12 text-container\">\r\n    <div class=\"s-hr-pdng-l\">\r\n      <p>\r\n        Diese Bedingungen richten sich an Personen, die auf die Website <a href=\"https:\/\/www.emerchantpay.com\/\" class=\"text-green\" target=\"_blank\" rel=\"noopener nofollow noreferrer\">emerchantpay<\/a>, einschlie\u00dflich all ihrer Inhalte, (die \u201eWebsite\u201c) zugreifen oder diese nutzen m\u00f6chten. Diese Website ist Eigentum von emerchantpay Ltd. und wird von emerchantpay Ltd. betrieben (\u201ewir\u201c, \u201euns\u201c, \u201eunser\u201c), einem in England und Wales eingetragenen Unternehmen mit registriertem Sitz in Essell, 29 Howard Street, North Shields, Tyne And Wear, NE30 1AR, Vereinigtes K\u00f6nigreich. \r\n      <\/p>\r\n      <p>\r\n        Bitte beachten Sie, dass die bereitgestellte deutschsprachige Version der Nutzungsbedingungen ausschlie\u00dflich der Information dient. Ausschlie\u00dflich die englischsprachige Version ist rechtlich verbindlich und ma\u00dfgeblich, sollte es Widerspr\u00fcche zwischen der englisch- und deutschsprachigen Version geben.\r\n      <\/p>\r\n      <p>\r\n        Obwohl das vorliegende Dokument auf Englisch und Deutsch verfasst wurde, erfolgt jegliche Kommunikation zwischen Ihnen und der emerchantpay-Gruppe in englischer Sprache. Jegliche Kommunikation in deutscher Sprache dient ausschlie\u00dflich der Information.\r\n      <\/p>\r\n      <h2 class=\"mt-5 mb-4 h3 text-green\">Zugriff auf oder Nutzung unserer Website<\/h2>\r\n      <p>\r\n        Unsere Website steht kostenfrei zur Verf\u00fcgung. Wir \u00fcbernehmen keine Garantie, dass unsere Website oder ihre Inhalte stets ohne Unterbrechungen zur Verf\u00fcgung stehen. Wir k\u00f6nnen sie in ihrer Gesamtheit oder teilweise ohne Ank\u00fcndigung deaktivieren, zur\u00fcckziehen, einstellen oder ver\u00e4ndern. Wir \u00fcbernehmen Ihnen (\u201eSie\u201c, \u201eIhnen\u201c, \u201eIhr\u201c) gegen\u00fcber keine Haftung, wenn aus irgendeinem Grund zu einem beliebigen Zeitpunkt oder f\u00fcr eine bestimmte Dauer unsere Website nicht verf\u00fcgbar ist.\r\n      <\/p>\r\n      <p>\r\n        Durch den Zugriff auf unsere Website willigen Sie ein und stimmen Sie zu, dass Sie die unten dargelegten Nutzungsbedingungen einhalten.\r\n      <\/p>\r\n      <p>\r\n        <strong>WENN SIE DIESEN NUTZUNGSBEDINGUNGEN NICHT ZUSTIMMEN, BEENDEN SIE SOFORT DIE NUTZUNG UNSERER WEBSITE UND UNTERLASSEN SIE DEN ZUGRIFF IN ZUKUNFT.<\/strong>\r\n      <\/p>\r\n      <p>\r\n        Diese Nutzungsbedingungen beziehen sich auf die folgenden zus\u00e4tzlichen Bedingungen, da sie auch f\u00fcr Ihre Nutzung unserer Website gelten:\r\n      <\/p>\r\n      <ul>\r\n        <li>\r\n          unsere Datenschutzbestimmungen, die unsere Zwecke zur Erhebung und Verarbeitung von personenbezogenen Daten darlegen und Ihre Rechte diesbez\u00fcglich beschreiben;\r\n        <\/li>\r\n        <li>\r\n          unsere Cookie-Richtlinien, in denen die Cookies beschrieben werden, die wir auf unserer Website verwenden.\r\n        <\/li>\r\n      <\/ul>\r\n      <h2 class=\"mt-5 mb-4 h3 text-green\">\u00c4nderungen an diesen Nutzungsbedingungen<\/h2>\r\n      <p>\r\n        Wir k\u00f6nnen diese Nutzungsbedingungen nach eigenem Ermessen mit sofortiger Wirkung ab\u00e4ndern, indem wir diese Seite anpassen. Wir empfehlen Ihnen, diese Bedingungen regelm\u00e4\u00dfig zu \u00fcberpr\u00fcfen, da von Zeit zu Zeit \u00c4nderungen vorgenommen werden k\u00f6nnen. Diese Nutzungsbedingungen wurden zuletzt am 28. Februar 2018 aktualisiert.\r\n      <\/p>\r\n      <h2 class=\"mt-5 mb-4 h3 text-green\">Erlaubte Nutzung der Website und Inhalte<\/h2>\r\n      <p>\r\n        Sie erkennen hiermit ausdr\u00fccklich an und stimmen zu, dass wir der Inhaber oder der Lizenznehmer aller Rechte an geistigem Eigentum auf unserer Website sind, wobei jegliches Material urheberrechtlich gesch\u00fctzt ist. Die Website und ihre Inhalte und Funktionen werden Ihnen \u201ein der vorliegenden Form\u201c und \u201esoweit verf\u00fcgbar\u201c ausschlie\u00dflich zu Ihrer Information und pers\u00f6nlichen Nutzung zur Verf\u00fcgung gestellt. Sofern Sie diesen Nutzungsbedingungen zustimmen und diese einhalten, gew\u00e4hren wir ein pers\u00f6nliches, nicht gewerbliches, widerrufliches, nicht ausschlie\u00dfliches, nicht \u00fcbertragbares Recht zur Nutzung dieser Website und ihrer Inhalte.\r\n      <\/p>\r\n      <p>\r\n        Sie stimmen zu, dass Sie unsere Website oder ihre Inhalte nicht f\u00fcr irgendwelche anderen Zwecke nutzen, kopieren, modifizieren, anpassen, verbreiten, \u00fcbermitteln, anzeigen oder auf sonstige Weise verwerten werden, sofern nicht ein vorheriges schriftliches Einverst\u00e4ndnis unsererseits erteilt wurde. Sie stimmen au\u00dferdem zu, dass Sie keine Illustrationen, Fotografien, Videoausschnitte oder andere Grafiken getrennt vom Begleittext verwenden werden. Sie stimmen auch zu, dass Sie keine Urheberrechtsvermerke, die dieser Website und ihren Inhalten angef\u00fcgt oder darin enthalten sind, entfernen, verschleiern oder ver\u00e4ndern. Sie d\u00fcrfen eine Kopie oder die Ausz\u00fcge einer oder mehrerer beliebiger Seiten unserer Website ausschlie\u00dflich zur pers\u00f6nlichen Nutzung herunterladen und Sie d\u00fcrfen die Aufmerksamkeit anderer Personen auf die Inhalte unserer Website lenken. Bitte machen Sie diese Personen auf die vorliegenden Nutzungsbedingungen aufmerksam.\r\n      <\/p>\r\n      <p>\r\n        Jegliche missbr\u00e4uchliche Nutzung dieser Website und ihrer Inhalte, die den vorliegenden Nutzungsbedingungen oder geltendem Recht widerspricht, ist streng verboten und stellt eine Verletzung dieser Vereinbarung und von Rechten an geistigem Eigentum dar. Eine solche missbr\u00e4uchliche Nutzung kann zur Beendigung Ihres Rechts, auf diese Website und ihre Inhalte zuzugreifen und diese zu nutzen, sowie zu rechtlichen Schritten f\u00fchren.\r\n      <\/p>\r\n      <h2 class=\"mt-5 mb-4 h3 text-green\">Informationen auf dieser Website<\/h2>\r\n      <p>\r\n        Sie erkennen hiermit an und stimmen zu, dass die Inhalte auf unserer Website ausschlie\u00dflich der allgemeinen Information dienen. Obwohl wir angemessene Ma\u00dfnahmen ergreifen, um die Inhalte regelm\u00e4\u00dfig zu aktualisieren, \u00fcbernehmen wir weder ausdr\u00fccklich noch stillschweigend Zusicherungen, Gew\u00e4hrleistungen oder Garantien, dass die Inhalte umfassend, korrekt und aktuell sind. Sie sollten sich auf solche Informationen nicht bei gesch\u00e4ftlichen oder rechtlichen Entscheidungen verlassen.\r\n      <\/p>\r\n      <h2 class=\"mt-5 mb-4 h3 text-green\">Viren<\/h2>\r\n      <p>\r\n        Wir \u00fcbernehmen keine Garantie, dass unsere Website sicher oder frei von Bugs und Viren sein wird. Sie sind verantwortlich f\u00fcr die Konfiguration Ihrer Informationstechnik, Computerprograme und Plattform, um auf unsere Website zuzugreifen. Sie sollten Ihre eigene Schutzsoftware verwenden.\r\n      <\/p>\r\n      <p>\r\n        Sie d\u00fcrfen die Website nicht missbr\u00e4uchlich nutzen, indem Sie wissentlich Viren, Trojaner, W\u00fcrmer, Logikbomben oder anderes Material einf\u00fchren, das b\u00f6sartig oder technisch sch\u00e4dlich ist. Sie d\u00fcrfen nicht versuchen, unautorisierten Zugriff zu erhalten auf diese Website, die Server, auf der die Website gespeichert ist, oder andere Server, Computer oder Datenbanken, die mit dieser Website verbunden sind. Sie d\u00fcrfen unsere Website nicht \u00fcber einen Denial-of-Service-Angriff oder einen Distributed-Denial-of-Service-Angriff angreifen.\r\n      <\/p>\r\n      <h2 class=\"mt-5 mb-4 h3 text-green\">Links zu Websites von Drittparteien<\/h2>\r\n      <p>\r\n        Soweit unsere Website Links zu Websites von Drittparteien oder von Drittparteien zur Verf\u00fcgung gestellte Ressourcen enth\u00e4lt, erkennen Sie an, dass Ihr Zugriff auf diese Websites und Ressourcen sowie deren Nutzung vollst\u00e4ndig nach Ihrem eigenen Ermessen und auf eigenes Risiko erfolgt und dass ausschlie\u00dflich Sie f\u00fcr Verluste oder Sch\u00e4den verantwortlich sind, die sich aus einem solchen Zugriff oder einer solchen Nutzung ergeben k\u00f6nnen.\r\n      <\/p>\r\n      <h2 class=\"mt-5 mb-4 h3 text-green\">Haftungsausschluss<\/h2>\r\n      <p>\r\n        Die Website und jegliche Inhalte darauf werden Ihnen \u201ein der vorliegenden Form\u201c und \u201esoweit verf\u00fcgbar\u201c ohne jegliche Gew\u00e4hrleistung zur Verf\u00fcgung gestellt. Wir und unsere verbundenen Unternehmen, Partner, Lizenzgeber, Lieferanten und die entsprechenden Gesch\u00e4ftsf\u00fchrungen, Mitarbeiter, Vertreter und Gesellschafter (zusammen als die \u201eemerchantpay-Parteien\u201c bezeichnet) \u00fcbernehmen keine Haftung und schlie\u00dfen jegliche Verantwortung aus f\u00fcr Folgen aus Ihrem Zugriff auf diese Website und ihre Inhalte sowie deren Nutzung.\r\n      <\/p>\r\n      <p>\r\n        Die emerchantpay-Parteien schlie\u00dfen ausdr\u00fccklich im gesetzlich gr\u00f6\u00dftm\u00f6glichen Umfang jegliche Zusicherungen, Garantien und Gew\u00e4hrleistungen, ob ausdr\u00fccklich oder stillschweigend, in Bezug auf diese Website und ihre Inhalte aus, unter anderem Gew\u00e4hrleistungen f\u00fcr die Korrektheit, Leistung, Marktg\u00e4ngigkeit, Geeignetheit f\u00fcr einen bestimmten Zweck und Nichtverletzung von Rechten Dritter.\r\n      <\/p>\r\n      <p>\r\n        Die emerchantpay-Parteien schlie\u00dfen auch jegliche Gew\u00e4hrleistung und Haftung f\u00fcr Korrektheit, Vollst\u00e4ndigkeit, Sicherheit, Zuverl\u00e4ssigkeit, Rechtzeitigkeit und Leistung dieser Website und ihrer Inhalte aus.\r\n      <\/p>\r\n      <p>\r\n        Einige L\u00e4nder und Rechtsr\u00e4ume erlauben nicht den Ausschluss bestimmter Bedingungen oder Gew\u00e4hrleistungen; daher k\u00f6nnen die obigen Ausschl\u00fcsse in G\u00e4nze oder in Teilen nicht f\u00fcr Sie gelten. In einem solchen Fall gelten die Ausschl\u00fcsse f\u00fcr Sie in dem gesetzlich zul\u00e4ssigen Umfang. Sie k\u00f6nnen auch andere Rechte innehaben, die von Land zu Land und von Rechtsraum zu Rechtsraum unterschiedlich sind.\r\n      <\/p>\r\n      <h2 class=\"mt-5 mb-4 h3 text-green\">Haftungsbeschr\u00e4nkung<\/h2>\r\n      <p>\r\n        Nichts in diesen Bedingungen hat die Absicht, unsere Haftung auf einen Umfang zu beschr\u00e4nken, der nach geltendem Recht nicht zul\u00e4ssig ist, unter anderem f\u00fcr Tod oder Personenschaden aufgrund von Fahrl\u00e4ssigkeit oder einer betr\u00fcgerisch falschen Darstellung unsererseits.\r\n      <\/p>\r\n      <p>\r\n        In dem gesetzlich zul\u00e4ssigen Umfang schlie\u00dfen wir alle Bestimmungen, Gew\u00e4hrleistungen, Zusicherungen und anderen Bedingungen aus, die f\u00fcr unsere Website oder ihre Inhalte ausdr\u00fccklich oder stillschweigend gelten k\u00f6nnen.\r\n      <\/p>\r\n      <p>\r\n        Wir \u00fcbernehmen keine Haftung f\u00fcr Verluste oder Sch\u00e4den, ob sie sich aus dem Vertrag, einer unerlaubten Handlung (einschlie\u00dflich Fahrl\u00e4ssigkeit), einer Verletzung einer gesetzlichen Pflicht oder anderweitig, auch wenn sie vorhersehbar sind, und sich nach oder in Verbindung mit Folgendem ergeben:\r\n      <\/p>\r\n      <p>\r\n        Nutzung oder Unm\u00f6glichkeit der Nutzung unserer Website oder\r\n      <\/p>\r\n      <p>\r\n        Nutzung der auf unserer Website angezeigten Inhalte oder Vertrauen darauf.\r\n      <\/p>\r\n      <p>\r\n        Bitte beachten Sie, dass wir Ihnen gegen\u00fcber insbesondere keine Haftung f\u00fcr Gewinn- oder Umsatzverluste, entgangene Gesch\u00e4ftsm\u00f6glichkeiten, Gesch\u00e4ftsverluste oder Rufsch\u00e4digung, Unterbrechungen der gesch\u00e4ftlichen Abl\u00e4ufe oder sonstige mittelbare oder sich ergebende Verluste oder Sch\u00e4den \u00fcbernehmen.\r\n      <\/p>\r\n      <p>\r\n        Wir \u00fcbernehmen keine Haftung f\u00fcr die Inhalte auf den Websites, die auf unserer Website verlinkt sind. Solche Links sollten nicht als Billigung dieser verlinkten Websites unsererseits ausgelegt werden. Wir \u00fcbernehmen keine Haftung f\u00fcr Verluste oder Sch\u00e4den, die sich aus Ihrer Nutzung dieser Websites ergeben.\r\n      <\/p>\r\n      <p>\r\n        Wir \u00fcbernehmen keine Haftung f\u00fcr Verluste oder Sch\u00e4den, die durch einen Virus, Distributed-Denial-of-Service-Angriff oder sonstiges technologisch sch\u00e4dliches Material verursacht werden, das Ihre Computerausstattung, Computerprogramme, Daten oder anderes in Ihrem Eigentum befindliche Material aufgrund Ihrer Nutzung der Website oder des Downloads von Inhalten darauf oder auf einer verlinkten Website Ihrerseits infizieren kann.\r\n      <\/p>\r\n      <p>\r\n        Einige L\u00e4nder und Rechtsr\u00e4ume erlauben keine Haftungsbeschr\u00e4nkungen f\u00fcr bestimmte Schadensarten. Falls bestimmte Beschr\u00e4nkungen in Ihrem Land oder Rechtsraum nicht rechtswirksam sind, darf der gesamte Haftungsumfang der emerchantpay-Parteien keinesfalls mehr als 100,00 GBP betragen.\r\n      <\/p>\r\n      <h2 class=\"mt-5 mb-4 h3 text-green\">Sonstige Bestimmungen<\/h2>\r\n      <h3 class=\"mt-5 mb-4 h4 text-green\">Gesamte Vereinbarung<\/h3>\r\n      <p>\r\n        Diese Bedingungen und alle weiteren Dokumente oder Richtlinien stellen die gesamte Vereinbarung zwischen Ihnen und uns dar und treten an die Stelle aller vorherigen Abmachungen oder Vereinbarungen zum vorliegenden Sachverhalt. Jeder Verzicht auf eine Bestimmung dieser Nutzungsbedingungen tritt nur in Kraft, wenn er schriftlich erfolgt und von uns unterzeichnet wird.\r\n      <\/p>\r\n      <h3 class=\"mt-5 mb-4 h4 text-green\">Kein Verzicht<\/h3>\r\n      <p>\r\n        Sollten wir ein Recht, eine Befugnis oder ein Rechtsmittel nach diesen Nutzungsbedingungen nicht oder versp\u00e4tet aus\u00fcben oder die strenge Aus\u00fcbung der Bestimmungen dieser Nutzungsbedingungen, der Datenschutzbestimmungen und der Cookie-Richtlinien oder sonstiger zus\u00e4tzlicher Dokumente oder Richtlinien durch Sie von Ihnen nicht oder versp\u00e4tet verlangen oder durchsetzen, stellt dies keinen Verzicht auf ein solches Recht, eine solche Befugnis oder ein solches Rechtsmittel dar.\r\n      <\/p>\r\n      <h3 class=\"mt-5 mb-4 h4 text-green\">Salvatorische Klausel<\/h3>\r\n      <p>\r\n        Alle Bestimmungen dieser Nutzungsbedingungen sind teilbar und getrennt voneinander zu betrachten. Sollte eine Bestimmung dieser Nutzungsbedingungen ung\u00fcltig oder nicht rechtswirksam sein oder werden, wird die Bestimmung so behandelt, als ob sie nicht Teil der Vereinbarung war, und die \u00fcbrigen Bestimmungen bleiben g\u00fcltig und rechtswirksam.\r\n      <\/p>\r\n      <h3 class=\"mt-5 mb-4 h4 text-green\">Geltendes Recht und Gerichtsstand<\/h3>\r\n      <p>\r\n        Obwohl der Zugriff auf unsere Website von zahlreichen Orten und L\u00e4ndern der Welt m\u00f6glich ist, sollte dies nicht derart ausgelegt werden, dass auch das lokale Recht gilt. Jegliches Verh\u00e4ltnis zwischen Ihnen und uns nach diesen Nutzungsbedingungen unterliegt dem Recht von England und Wales.\r\n      <\/p>\r\n      <p>\r\n        F\u00fcr alle Streitigkeiten, die sich aus diesen Nutzungsbedingungen ergeben oder mit ihnen in Verbindung stehen, einschlie\u00dflich solcher, die sich aus deren Auslegung, Ung\u00fcltigkeit, Ausf\u00fchrung oder K\u00fcndigung ergeben oder sie betreffen, sind die Gerichte in England und Wales zust\u00e4ndig.\r\n      <\/p>\r\n    <\/div>\r\n  <\/div>\r\n<\/div>\r\n","protected":false},"excerpt":{"rendered":"<p>Nutzungsbedingungen Bedingungen f\u00fcr den Zugriff und die Nutzung unserer Webseite Version 1.1, 28 Februar 2018 Diese Bedingungen richten sich an Personen, die auf die Website emerchantpay, einschlie\u00dflich all ihrer Inhalte, (die \u201eWebsite\u201c) zugreifen oder diese nutzen m\u00f6chten. Diese Website ist Eigentum von emerchantpay Ltd. und wird von emerchantpay Ltd. betrieben (\u201ewir\u201c, \u201euns\u201c, \u201eunser\u201c), einem in [&hellip;]<\/p>\n","protected":false},"author":7,"featured_media":0,"parent":0,"menu_order":0,"comment_status":"closed","ping_status":"closed","template":"","meta":{"_acf_changed":false,"footnotes":""},"tags":[],"class_list":["post-13073","page","type-page","status-publish","hentry"],"acf":[],"yoast_head":"<!-- This site is optimized with the Yoast SEO plugin v27.1.1 - https:\/\/yoast.com\/product\/yoast-seo-wordpress\/ -->\n<title>emerchantpay<\/title>\n<meta name=\"robots\" content=\"index, follow, max-snippet:-1, max-image-preview:large, max-video-preview:-1\" \/>\n<meta property=\"og:locale\" content=\"en_US\" \/>\n<meta property=\"article:publisher\" content=\"https:\/\/www.facebook.com\/emerchantpay\" \/>\n<meta property=\"article:modified_time\" content=\"2024-07-16T07:59:05+00:00\" \/>\n<meta property=\"og:image\" content=\"https:\/\/cdn.emerchantpay.com\/uploads\/Back-end-Image-1-1256x628-1-2.jpg\" \/>\n\t<meta property=\"og:image:width\" content=\"1256\" \/>\n\t<meta property=\"og:image:height\" content=\"628\" \/>\n\t<meta property=\"og:image:type\" content=\"image\/jpeg\" \/>\n<meta name=\"twitter:card\" content=\"summary_large_image\" \/>\n<meta name=\"twitter:site\" content=\"@emerchantpay\" \/>\n<meta name=\"twitter:label1\" content=\"Est. reading time\" \/>\n\t<meta name=\"twitter:data1\" content=\"9 minutes\" \/>\n<script type=\"application\/ld+json\" class=\"yoast-schema-graph\">{\"@context\":\"https:\/\/schema.org\",\"@graph\":[{\"@type\":\"WebPage\",\"@id\":\"https:\/\/www.emerchantpay.com\/de\/terms-of-use\/\",\"url\":\"https:\/\/www.emerchantpay.com\/de\/terms-of-use\/\",\"name\":\"Nutzungsbedingungen | emerchantpay\",\"isPartOf\":{\"@id\":\"https:\/\/www.emerchantpay.com\/de\/#website\"},\"datePublished\":\"2022-01-28T13:44:12+00:00\",\"dateModified\":\"2024-07-16T07:59:05+00:00\",\"description\":\"Nutzungsbedingungen f\u00fcr Anwender, die auf die Webseite emerchantpay.com zugreifen oder diese nutzen, einschlie\u00dflich aller Inhalte.\",\"breadcrumb\":{\"@id\":\"https:\/\/www.emerchantpay.com\/de\/terms-of-use\/#breadcrumb\"},\"inLanguage\":\"de-DE\",\"potentialAction\":[{\"@type\":\"ReadAction\",\"target\":[\"https:\/\/www.emerchantpay.com\/de\/terms-of-use\/\"]}]},{\"@type\":\"BreadcrumbList\",\"@id\":\"https:\/\/www.emerchantpay.com\/de\/terms-of-use\/#breadcrumb\",\"itemListElement\":[{\"@type\":\"ListItem\",\"position\":1,\"name\":\"Home\",\"item\":\"https:\/\/www.emerchantpay.com\/de\/\"},{\"@type\":\"ListItem\",\"position\":2,\"name\":\"Terms of use\"}]},{\"@type\":\"WebSite\",\"@id\":\"https:\/\/www.emerchantpay.com\/de\/#website\",\"url\":\"https:\/\/www.emerchantpay.com\/de\/\",\"name\":\"emerchantpay\",\"description\":\"Online &amp; POS Payments Made Easy\",\"publisher\":{\"@id\":\"https:\/\/www.emerchantpay.com\/de\/#organization\"},\"inLanguage\":\"de-DE\"},{\"@type\":\"Organization\",\"@id\":\"https:\/\/www.emerchantpay.com\/de\/#organization\",\"name\":\"emerchantpay\",\"url\":\"https:\/\/www.emerchantpay.com\/de\/\",\"logo\":{\"@type\":\"ImageObject\",\"inLanguage\":\"de-DE\",\"@id\":\"https:\/\/www.emerchantpay.com\/de\/#\/schema\/logo\/image\/\",\"url\":\"https:\/\/cdn.emerchantpay.com\/uploads\/2018\/05\/EMP-Avatar.jpg\",\"contentUrl\":\"https:\/\/cdn.emerchantpay.com\/uploads\/2018\/05\/EMP-Avatar.jpg\",\"width\":500,\"height\":500,\"caption\":\"emerchantpay\"},\"image\":{\"@id\":\"https:\/\/www.emerchantpay.com\/de\/#\/schema\/logo\/image\/\"},\"sameAs\":[\"https:\/\/www.facebook.com\/emerchantpay\",\"https:\/\/x.com\/emerchantpay\",\"https:\/\/www.linkedin.com\/company\/emerchantpay-ltd\/\",\"https:\/\/www.pinterest.co.uk\/emerchantpay\/\",\"https:\/\/www.youtube.com\/channel\/UC5lq-ZqlphsUVpLsDJmjLag\"]}]}<\/script>\n<!-- \/ Yoast SEO plugin. -->","yoast_head_json":{"title":"emerchantpay","robots":{"index":"index","follow":"follow","max-snippet":"max-snippet:-1","max-image-preview":"max-image-preview:large","max-video-preview":"max-video-preview:-1"},"og_locale":"en_US","article_publisher":"https:\/\/www.facebook.com\/emerchantpay","article_modified_time":"2024-07-16T07:59:05+00:00","og_image":[{"width":1256,"height":628,"url":"https:\/\/cdn.emerchantpay.com\/uploads\/Back-end-Image-1-1256x628-1-2.jpg","type":"image\/jpeg"}],"twitter_card":"summary_large_image","twitter_site":"@emerchantpay","twitter_misc":{"Est. reading time":"9 minutes"},"schema":{"@context":"https:\/\/schema.org","@graph":[{"@type":"WebPage","@id":"https:\/\/www.emerchantpay.com\/de\/terms-of-use\/","url":"https:\/\/www.emerchantpay.com\/de\/terms-of-use\/","name":"Nutzungsbedingungen | emerchantpay","isPartOf":{"@id":"https:\/\/www.emerchantpay.com\/de\/#website"},"datePublished":"2022-01-28T13:44:12+00:00","dateModified":"2024-07-16T07:59:05+00:00","description":"Nutzungsbedingungen f\u00fcr Anwender, die auf die Webseite emerchantpay.com zugreifen oder diese nutzen, einschlie\u00dflich aller Inhalte.","breadcrumb":{"@id":"https:\/\/www.emerchantpay.com\/de\/terms-of-use\/#breadcrumb"},"inLanguage":"de-DE","potentialAction":[{"@type":"ReadAction","target":["https:\/\/www.emerchantpay.com\/de\/terms-of-use\/"]}]},{"@type":"BreadcrumbList","@id":"https:\/\/www.emerchantpay.com\/de\/terms-of-use\/#breadcrumb","itemListElement":[{"@type":"ListItem","position":1,"name":"Home","item":"https:\/\/www.emerchantpay.com\/de\/"},{"@type":"ListItem","position":2,"name":"Terms of use"}]},{"@type":"WebSite","@id":"https:\/\/www.emerchantpay.com\/de\/#website","url":"https:\/\/www.emerchantpay.com\/de\/","name":"emerchantpay","description":"Online &amp; POS Payments Made Easy","publisher":{"@id":"https:\/\/www.emerchantpay.com\/de\/#organization"},"inLanguage":"de-DE"},{"@type":"Organization","@id":"https:\/\/www.emerchantpay.com\/de\/#organization","name":"emerchantpay","url":"https:\/\/www.emerchantpay.com\/de\/","logo":{"@type":"ImageObject","inLanguage":"de-DE","@id":"https:\/\/www.emerchantpay.com\/de\/#\/schema\/logo\/image\/","url":"https:\/\/cdn.emerchantpay.com\/uploads\/2018\/05\/EMP-Avatar.jpg","contentUrl":"https:\/\/cdn.emerchantpay.com\/uploads\/2018\/05\/EMP-Avatar.jpg","width":500,"height":500,"caption":"emerchantpay"},"image":{"@id":"https:\/\/www.emerchantpay.com\/de\/#\/schema\/logo\/image\/"},"sameAs":["https:\/\/www.facebook.com\/emerchantpay","https:\/\/x.com\/emerchantpay","https:\/\/www.linkedin.com\/company\/emerchantpay-ltd\/","https:\/\/www.pinterest.co.uk\/emerchantpay\/","https:\/\/www.youtube.com\/channel\/UC5lq-ZqlphsUVpLsDJmjLag"]}]}},"_links":{"self":[{"href":"https:\/\/www.emerchantpay.com\/de\/wp-json\/wp\/v2\/pages\/13073","targetHints":{"allow":["GET"]}}],"collection":[{"href":"https:\/\/www.emerchantpay.com\/de\/wp-json\/wp\/v2\/pages"}],"about":[{"href":"https:\/\/www.emerchantpay.com\/de\/wp-json\/wp\/v2\/types\/page"}],"author":[{"embeddable":true,"href":"https:\/\/www.emerchantpay.com\/de\/wp-json\/wp\/v2\/users\/7"}],"replies":[{"embeddable":true,"href":"https:\/\/www.emerchantpay.com\/de\/wp-json\/wp\/v2\/comments?post=13073"}],"version-history":[{"count":4,"href":"https:\/\/www.emerchantpay.com\/de\/wp-json\/wp\/v2\/pages\/13073\/revisions"}],"predecessor-version":[{"id":20653,"href":"https:\/\/www.emerchantpay.com\/de\/wp-json\/wp\/v2\/pages\/13073\/revisions\/20653"}],"wp:attachment":[{"href":"https:\/\/www.emerchantpay.com\/de\/wp-json\/wp\/v2\/media?parent=13073"}],"wp:term":[{"taxonomy":"post_tag","embeddable":true,"href":"https:\/\/www.emerchantpay.com\/de\/wp-json\/wp\/v2\/tags?post=13073"}],"curies":[{"name":"wp","href":"https:\/\/api.w.org\/{rel}","templated":true}]}}