{"id":19605,"date":"2024-03-19T13:14:40","date_gmt":"2024-03-19T13:14:40","guid":{"rendered":"https:\/\/www.emerchantpay.com\/contact-sales\/"},"modified":"2024-03-22T12:32:08","modified_gmt":"2024-03-22T12:32:08","slug":"contact-sales","status":"publish","type":"page","link":"https:\/\/www.emerchantpay.com\/de\/contact-sales\/","title":{"rendered":"Contact sales"},"content":{"rendered":"","protected":false},"excerpt":{"rendered":"","protected":false},"author":6,"featured_media":0,"parent":0,"menu_order":0,"comment_status":"closed","ping_status":"closed","template":"","meta":{"_acf_changed":false,"footnotes":""},"tags":[],"class_list":["post-19605","page","type-page","status-publish","hentry"],"acf":{"contact_sales_section_1_title":"Einfache Zahlungen beginnen hier","contact_sales_section_1_text":"Kontaktieren Sie unser Vertriebsteam. Entdecken Sie, wie wir Ihr Payment Performance optimieren k\u00f6nnen.","contact_sales_section_1_bullet_text_1":"Unsere Experten k\u00f6nnen Ihnen helfen, die ideale Zahlungsmethode f\u00fcr Ihr Unternehmen zu finden.","contact_sales_section_1_bullet_text_2":"Erweitern Sie Ihre Reichweite. Profitieren Sie von unserem globalen Acquiring und der gro\u00dfen Auswahl an Zahlungsmethoden.","contact_sales_section_1_bullet_text_3":"Optimieren Sie Ihre Zahlungsstrategie. Verlassen Sie sich auf die Beratung durch Ihren pers\u00f6nlichen Kundenbetreuer und Risikoanalyst.","contact_sales_section_1_form_title":"Kontaktiere unseren Vertrieb","contact_sales_section_1_form_text":"Wir w\u00fcrden gerne mehr \u00fcber Ihr Unternehmen erfahren! F\u00fcllen Sie einfach das Formular aus und ein Mitglied unseres Teams wird sich mit Ihnen in Verbindung setzen.","contact_sales_section_2_title":"Sind Sie an einer Partnerschaft interessiert?","contact_sales_section_2_button_url":"\/de\/contact-partners\/","contact_sales_section_2_button_text":"Werden Sie Partner"},"yoast_head":"<!-- This site is optimized with the Yoast SEO plugin v27.1.1 - https:\/\/yoast.com\/product\/yoast-seo-wordpress\/ -->\n<title>emerchantpay<\/title>\n<meta name=\"robots\" content=\"index, follow, max-snippet:-1, max-image-preview:large, max-video-preview:-1\" \/>\n<meta property=\"og:locale\" content=\"en_US\" \/>\n<meta property=\"article:publisher\" content=\"https:\/\/www.facebook.com\/emerchantpay\" \/>\n<meta property=\"article:modified_time\" content=\"2024-03-22T12:32:08+00:00\" \/>\n<meta property=\"og:image\" content=\"https:\/\/cdn.emerchantpay.com\/uploads\/join-the-emerchantpay-team.jpg\" \/>\n\t<meta property=\"og:image:width\" content=\"1256\" \/>\n\t<meta property=\"og:image:height\" content=\"628\" \/>\n\t<meta property=\"og:image:type\" content=\"image\/jpeg\" \/>\n<meta name=\"twitter:card\" content=\"summary_large_image\" \/>\n<meta name=\"twitter:site\" content=\"@emerchantpay\" \/>\n<script type=\"application\/ld+json\" class=\"yoast-schema-graph\">{\"@context\":\"https:\/\/schema.org\",\"@graph\":[{\"@type\":\"WebPage\",\"@id\":\"https:\/\/www.emerchantpay.com\/de\/contact-sales\/\",\"url\":\"https:\/\/www.emerchantpay.com\/de\/contact-sales\/\",\"name\":\"Kontakt Vertrieb | emerchantpay\",\"isPartOf\":{\"@id\":\"https:\/\/www.emerchantpay.com\/de\/#website\"},\"datePublished\":\"2024-03-21T07:34:41+00:00\",\"dateModified\":\"2024-03-22T12:32:08+00:00\",\"description\":\"Kontaktieren Sie unser Vertriebsteam. Entdecken Sie, wie wir Ihr Zahlungsverhalten optimieren k\u00f6nnen.\",\"breadcrumb\":{\"@id\":\"https:\/\/www.emerchantpay.com\/de\/contact-sales\/#breadcrumb\"},\"inLanguage\":\"de-DE\",\"potentialAction\":[{\"@type\":\"ReadAction\",\"target\":[\"https:\/\/www.emerchantpay.com\/de\/contact-sales\/\"]}]},{\"@type\":\"BreadcrumbList\",\"@id\":\"https:\/\/www.emerchantpay.com\/de\/contact-sales\/#breadcrumb\",\"itemListElement\":[{\"@type\":\"ListItem\",\"position\":1,\"name\":\"Home\",\"item\":\"https:\/\/www.emerchantpay.com\/de\/\"},{\"@type\":\"ListItem\",\"position\":2,\"name\":\"Contact sales\"}]},{\"@type\":\"WebSite\",\"@id\":\"https:\/\/www.emerchantpay.com\/de\/#website\",\"url\":\"https:\/\/www.emerchantpay.com\/de\/\",\"name\":\"emerchantpay\",\"description\":\"Online &amp; POS Payments Made Easy\",\"publisher\":{\"@id\":\"https:\/\/www.emerchantpay.com\/de\/#organization\"},\"inLanguage\":\"de-DE\"},{\"@type\":\"Organization\",\"@id\":\"https:\/\/www.emerchantpay.com\/de\/#organization\",\"name\":\"emerchantpay\",\"url\":\"https:\/\/www.emerchantpay.com\/de\/\",\"logo\":{\"@type\":\"ImageObject\",\"inLanguage\":\"de-DE\",\"@id\":\"https:\/\/www.emerchantpay.com\/de\/#\/schema\/logo\/image\/\",\"url\":\"https:\/\/cdn.emerchantpay.com\/uploads\/2018\/05\/EMP-Avatar.jpg\",\"contentUrl\":\"https:\/\/cdn.emerchantpay.com\/uploads\/2018\/05\/EMP-Avatar.jpg\",\"width\":500,\"height\":500,\"caption\":\"emerchantpay\"},\"image\":{\"@id\":\"https:\/\/www.emerchantpay.com\/de\/#\/schema\/logo\/image\/\"},\"sameAs\":[\"https:\/\/www.facebook.com\/emerchantpay\",\"https:\/\/x.com\/emerchantpay\",\"https:\/\/www.linkedin.com\/company\/emerchantpay-ltd\/\",\"https:\/\/www.pinterest.co.uk\/emerchantpay\/\",\"https:\/\/www.youtube.com\/channel\/UC5lq-ZqlphsUVpLsDJmjLag\"]}]}<\/script>\n<!-- \/ Yoast SEO plugin. -->","yoast_head_json":{"title":"emerchantpay","robots":{"index":"index","follow":"follow","max-snippet":"max-snippet:-1","max-image-preview":"max-image-preview:large","max-video-preview":"max-video-preview:-1"},"og_locale":"en_US","article_publisher":"https:\/\/www.facebook.com\/emerchantpay","article_modified_time":"2024-03-22T12:32:08+00:00","og_image":[{"width":1256,"height":628,"url":"https:\/\/cdn.emerchantpay.com\/uploads\/join-the-emerchantpay-team.jpg","type":"image\/jpeg"}],"twitter_card":"summary_large_image","twitter_site":"@emerchantpay","schema":{"@context":"https:\/\/schema.org","@graph":[{"@type":"WebPage","@id":"https:\/\/www.emerchantpay.com\/de\/contact-sales\/","url":"https:\/\/www.emerchantpay.com\/de\/contact-sales\/","name":"Kontakt Vertrieb | emerchantpay","isPartOf":{"@id":"https:\/\/www.emerchantpay.com\/de\/#website"},"datePublished":"2024-03-21T07:34:41+00:00","dateModified":"2024-03-22T12:32:08+00:00","description":"Kontaktieren Sie unser Vertriebsteam. Entdecken Sie, wie wir Ihr Zahlungsverhalten optimieren k\u00f6nnen.","breadcrumb":{"@id":"https:\/\/www.emerchantpay.com\/de\/contact-sales\/#breadcrumb"},"inLanguage":"de-DE","potentialAction":[{"@type":"ReadAction","target":["https:\/\/www.emerchantpay.com\/de\/contact-sales\/"]}]},{"@type":"BreadcrumbList","@id":"https:\/\/www.emerchantpay.com\/de\/contact-sales\/#breadcrumb","itemListElement":[{"@type":"ListItem","position":1,"name":"Home","item":"https:\/\/www.emerchantpay.com\/de\/"},{"@type":"ListItem","position":2,"name":"Contact sales"}]},{"@type":"WebSite","@id":"https:\/\/www.emerchantpay.com\/de\/#website","url":"https:\/\/www.emerchantpay.com\/de\/","name":"emerchantpay","description":"Online &amp; POS Payments Made Easy","publisher":{"@id":"https:\/\/www.emerchantpay.com\/de\/#organization"},"inLanguage":"de-DE"},{"@type":"Organization","@id":"https:\/\/www.emerchantpay.com\/de\/#organization","name":"emerchantpay","url":"https:\/\/www.emerchantpay.com\/de\/","logo":{"@type":"ImageObject","inLanguage":"de-DE","@id":"https:\/\/www.emerchantpay.com\/de\/#\/schema\/logo\/image\/","url":"https:\/\/cdn.emerchantpay.com\/uploads\/2018\/05\/EMP-Avatar.jpg","contentUrl":"https:\/\/cdn.emerchantpay.com\/uploads\/2018\/05\/EMP-Avatar.jpg","width":500,"height":500,"caption":"emerchantpay"},"image":{"@id":"https:\/\/www.emerchantpay.com\/de\/#\/schema\/logo\/image\/"},"sameAs":["https:\/\/www.facebook.com\/emerchantpay","https:\/\/x.com\/emerchantpay","https:\/\/www.linkedin.com\/company\/emerchantpay-ltd\/","https:\/\/www.pinterest.co.uk\/emerchantpay\/","https:\/\/www.youtube.com\/channel\/UC5lq-ZqlphsUVpLsDJmjLag"]}]}},"_links":{"self":[{"href":"https:\/\/www.emerchantpay.com\/de\/wp-json\/wp\/v2\/pages\/19605","targetHints":{"allow":["GET"]}}],"collection":[{"href":"https:\/\/www.emerchantpay.com\/de\/wp-json\/wp\/v2\/pages"}],"about":[{"href":"https:\/\/www.emerchantpay.com\/de\/wp-json\/wp\/v2\/types\/page"}],"author":[{"embeddable":true,"href":"https:\/\/www.emerchantpay.com\/de\/wp-json\/wp\/v2\/users\/6"}],"replies":[{"embeddable":true,"href":"https:\/\/www.emerchantpay.com\/de\/wp-json\/wp\/v2\/comments?post=19605"}],"version-history":[{"count":3,"href":"https:\/\/www.emerchantpay.com\/de\/wp-json\/wp\/v2\/pages\/19605\/revisions"}],"predecessor-version":[{"id":19735,"href":"https:\/\/www.emerchantpay.com\/de\/wp-json\/wp\/v2\/pages\/19605\/revisions\/19735"}],"wp:attachment":[{"href":"https:\/\/www.emerchantpay.com\/de\/wp-json\/wp\/v2\/media?parent=19605"}],"wp:term":[{"taxonomy":"post_tag","embeddable":true,"href":"https:\/\/www.emerchantpay.com\/de\/wp-json\/wp\/v2\/tags?post=19605"}],"curies":[{"name":"wp","href":"https:\/\/api.w.org\/{rel}","templated":true}]}}