{"id":19609,"date":"2024-03-19T13:15:31","date_gmt":"2024-03-19T13:15:31","guid":{"rendered":"https:\/\/www.emerchantpay.com\/contact-partners\/"},"modified":"2024-03-22T12:33:11","modified_gmt":"2024-03-22T12:33:11","slug":"contact-partners","status":"publish","type":"page","link":"https:\/\/www.emerchantpay.com\/de\/contact-partners\/","title":{"rendered":"Contact partners"},"content":{"rendered":"","protected":false},"excerpt":{"rendered":"","protected":false},"author":6,"featured_media":0,"parent":0,"menu_order":0,"comment_status":"closed","ping_status":"closed","template":"","meta":{"_acf_changed":false,"footnotes":""},"tags":[],"class_list":["post-19609","page","type-page","status-publish","hentry"],"acf":{"contact_partners_section_1_title":"Partner werden","contact_partners_section_1_text":"Mit unserem globalen Partnerprogramm k\u00f6nnen Sie Ihren Kunden einen Mehrwert bieten und Ihren Umsatz steigern.","contact_partners_section_1_bullet_text_1":"W\u00e4hlen Sie das Vertriebsmodell, das f\u00fcr Sie am besten geeignet ist. Wir unterst\u00fctzen Vertriebspartner, eCommerce-Plattformen und mehr.","contact_partners_section_1_bullet_text_2":"Erweitern Sie die Zahlungsm\u00f6glichkeiten Ihrer H\u00e4ndler. Bei der Entwicklung unserer L\u00f6sungen haben wir Ihre Bed\u00fcrfnisse im Blick.","contact_partners_section_1_bullet_text_3":"Sie erhalten die Unterst\u00fctzung, die Sie brauchen, von einem engagierten Kundenbetreuer bis hin zu einem sich st\u00e4ndig weiterentwickelnden Schulungsprogramm.","contact_partners_section_1_form_title":"Kontakt","contact_partners_section_1_form_text":"Lassen Sie uns mehr \u00fcber Ihr Unternehmen erfahren und wie wir zusammenarbeiten k\u00f6nnen. F\u00fcllen Sie einfach das Formular aus und ein Mitglied unseres Teams wird sich mit Ihnen in Verbindung setzen.","contact_partners_section_2_title":"Sind Sie daran interessiert, Zahlungen mit uns zu akzeptieren?","contact_partners_section_2_button_url":"\/de\/contact-sales\/","contact_partners_section_2_button_text":"Kontakt Vertrieb"},"yoast_head":"<!-- This site is optimized with the Yoast SEO plugin v27.1.1 - https:\/\/yoast.com\/product\/yoast-seo-wordpress\/ -->\n<title>emerchantpay<\/title>\n<meta name=\"robots\" content=\"index, follow, max-snippet:-1, max-image-preview:large, max-video-preview:-1\" \/>\n<meta property=\"og:locale\" content=\"en_US\" \/>\n<meta property=\"article:publisher\" content=\"https:\/\/www.facebook.com\/emerchantpay\" \/>\n<meta property=\"article:modified_time\" content=\"2024-03-22T12:33:11+00:00\" \/>\n<meta property=\"og:image\" content=\"https:\/\/cdn.emerchantpay.com\/uploads\/join-the-emerchantpay-team.jpg\" \/>\n\t<meta property=\"og:image:width\" content=\"1256\" \/>\n\t<meta property=\"og:image:height\" content=\"628\" \/>\n\t<meta property=\"og:image:type\" content=\"image\/jpeg\" \/>\n<meta name=\"twitter:card\" content=\"summary_large_image\" \/>\n<meta name=\"twitter:site\" content=\"@emerchantpay\" \/>\n<script type=\"application\/ld+json\" class=\"yoast-schema-graph\">{\"@context\":\"https:\/\/schema.org\",\"@graph\":[{\"@type\":\"WebPage\",\"@id\":\"https:\/\/www.emerchantpay.com\/de\/contact-partners\/\",\"url\":\"https:\/\/www.emerchantpay.com\/de\/contact-partners\/\",\"name\":\"Nehmen Sie an unserem Partnerprogramm teil | emerchantpay\",\"isPartOf\":{\"@id\":\"https:\/\/www.emerchantpay.com\/de\/#website\"},\"datePublished\":\"2024-03-21T07:41:47+00:00\",\"dateModified\":\"2024-03-22T12:33:11+00:00\",\"description\":\"Lassen Sie uns zusammenarbeiten. Kontaktieren Sie unser Partnerschafts-Team | Bieten Sie Ihren H\u00e4ndlern mehr Wert.\",\"breadcrumb\":{\"@id\":\"https:\/\/www.emerchantpay.com\/de\/contact-partners\/#breadcrumb\"},\"inLanguage\":\"de-DE\",\"potentialAction\":[{\"@type\":\"ReadAction\",\"target\":[\"https:\/\/www.emerchantpay.com\/de\/contact-partners\/\"]}]},{\"@type\":\"BreadcrumbList\",\"@id\":\"https:\/\/www.emerchantpay.com\/de\/contact-partners\/#breadcrumb\",\"itemListElement\":[{\"@type\":\"ListItem\",\"position\":1,\"name\":\"Home\",\"item\":\"https:\/\/www.emerchantpay.com\/de\/\"},{\"@type\":\"ListItem\",\"position\":2,\"name\":\"Contact partners\"}]},{\"@type\":\"WebSite\",\"@id\":\"https:\/\/www.emerchantpay.com\/de\/#website\",\"url\":\"https:\/\/www.emerchantpay.com\/de\/\",\"name\":\"emerchantpay\",\"description\":\"Online &amp; POS Payments Made Easy\",\"publisher\":{\"@id\":\"https:\/\/www.emerchantpay.com\/de\/#organization\"},\"inLanguage\":\"de-DE\"},{\"@type\":\"Organization\",\"@id\":\"https:\/\/www.emerchantpay.com\/de\/#organization\",\"name\":\"emerchantpay\",\"url\":\"https:\/\/www.emerchantpay.com\/de\/\",\"logo\":{\"@type\":\"ImageObject\",\"inLanguage\":\"de-DE\",\"@id\":\"https:\/\/www.emerchantpay.com\/de\/#\/schema\/logo\/image\/\",\"url\":\"https:\/\/cdn.emerchantpay.com\/uploads\/2018\/05\/EMP-Avatar.jpg\",\"contentUrl\":\"https:\/\/cdn.emerchantpay.com\/uploads\/2018\/05\/EMP-Avatar.jpg\",\"width\":500,\"height\":500,\"caption\":\"emerchantpay\"},\"image\":{\"@id\":\"https:\/\/www.emerchantpay.com\/de\/#\/schema\/logo\/image\/\"},\"sameAs\":[\"https:\/\/www.facebook.com\/emerchantpay\",\"https:\/\/x.com\/emerchantpay\",\"https:\/\/www.linkedin.com\/company\/emerchantpay-ltd\/\",\"https:\/\/www.pinterest.co.uk\/emerchantpay\/\",\"https:\/\/www.youtube.com\/channel\/UC5lq-ZqlphsUVpLsDJmjLag\"]}]}<\/script>\n<!-- \/ Yoast SEO plugin. -->","yoast_head_json":{"title":"emerchantpay","robots":{"index":"index","follow":"follow","max-snippet":"max-snippet:-1","max-image-preview":"max-image-preview:large","max-video-preview":"max-video-preview:-1"},"og_locale":"en_US","article_publisher":"https:\/\/www.facebook.com\/emerchantpay","article_modified_time":"2024-03-22T12:33:11+00:00","og_image":[{"width":1256,"height":628,"url":"https:\/\/cdn.emerchantpay.com\/uploads\/join-the-emerchantpay-team.jpg","type":"image\/jpeg"}],"twitter_card":"summary_large_image","twitter_site":"@emerchantpay","schema":{"@context":"https:\/\/schema.org","@graph":[{"@type":"WebPage","@id":"https:\/\/www.emerchantpay.com\/de\/contact-partners\/","url":"https:\/\/www.emerchantpay.com\/de\/contact-partners\/","name":"Nehmen Sie an unserem Partnerprogramm teil | emerchantpay","isPartOf":{"@id":"https:\/\/www.emerchantpay.com\/de\/#website"},"datePublished":"2024-03-21T07:41:47+00:00","dateModified":"2024-03-22T12:33:11+00:00","description":"Lassen Sie uns zusammenarbeiten. Kontaktieren Sie unser Partnerschafts-Team | Bieten Sie Ihren H\u00e4ndlern mehr Wert.","breadcrumb":{"@id":"https:\/\/www.emerchantpay.com\/de\/contact-partners\/#breadcrumb"},"inLanguage":"de-DE","potentialAction":[{"@type":"ReadAction","target":["https:\/\/www.emerchantpay.com\/de\/contact-partners\/"]}]},{"@type":"BreadcrumbList","@id":"https:\/\/www.emerchantpay.com\/de\/contact-partners\/#breadcrumb","itemListElement":[{"@type":"ListItem","position":1,"name":"Home","item":"https:\/\/www.emerchantpay.com\/de\/"},{"@type":"ListItem","position":2,"name":"Contact partners"}]},{"@type":"WebSite","@id":"https:\/\/www.emerchantpay.com\/de\/#website","url":"https:\/\/www.emerchantpay.com\/de\/","name":"emerchantpay","description":"Online &amp; POS Payments Made Easy","publisher":{"@id":"https:\/\/www.emerchantpay.com\/de\/#organization"},"inLanguage":"de-DE"},{"@type":"Organization","@id":"https:\/\/www.emerchantpay.com\/de\/#organization","name":"emerchantpay","url":"https:\/\/www.emerchantpay.com\/de\/","logo":{"@type":"ImageObject","inLanguage":"de-DE","@id":"https:\/\/www.emerchantpay.com\/de\/#\/schema\/logo\/image\/","url":"https:\/\/cdn.emerchantpay.com\/uploads\/2018\/05\/EMP-Avatar.jpg","contentUrl":"https:\/\/cdn.emerchantpay.com\/uploads\/2018\/05\/EMP-Avatar.jpg","width":500,"height":500,"caption":"emerchantpay"},"image":{"@id":"https:\/\/www.emerchantpay.com\/de\/#\/schema\/logo\/image\/"},"sameAs":["https:\/\/www.facebook.com\/emerchantpay","https:\/\/x.com\/emerchantpay","https:\/\/www.linkedin.com\/company\/emerchantpay-ltd\/","https:\/\/www.pinterest.co.uk\/emerchantpay\/","https:\/\/www.youtube.com\/channel\/UC5lq-ZqlphsUVpLsDJmjLag"]}]}},"_links":{"self":[{"href":"https:\/\/www.emerchantpay.com\/de\/wp-json\/wp\/v2\/pages\/19609","targetHints":{"allow":["GET"]}}],"collection":[{"href":"https:\/\/www.emerchantpay.com\/de\/wp-json\/wp\/v2\/pages"}],"about":[{"href":"https:\/\/www.emerchantpay.com\/de\/wp-json\/wp\/v2\/types\/page"}],"author":[{"embeddable":true,"href":"https:\/\/www.emerchantpay.com\/de\/wp-json\/wp\/v2\/users\/6"}],"replies":[{"embeddable":true,"href":"https:\/\/www.emerchantpay.com\/de\/wp-json\/wp\/v2\/comments?post=19609"}],"version-history":[{"count":4,"href":"https:\/\/www.emerchantpay.com\/de\/wp-json\/wp\/v2\/pages\/19609\/revisions"}],"predecessor-version":[{"id":19737,"href":"https:\/\/www.emerchantpay.com\/de\/wp-json\/wp\/v2\/pages\/19609\/revisions\/19737"}],"wp:attachment":[{"href":"https:\/\/www.emerchantpay.com\/de\/wp-json\/wp\/v2\/media?parent=19609"}],"wp:term":[{"taxonomy":"post_tag","embeddable":true,"href":"https:\/\/www.emerchantpay.com\/de\/wp-json\/wp\/v2\/tags?post=19609"}],"curies":[{"name":"wp","href":"https:\/\/api.w.org\/{rel}","templated":true}]}}