{"id":20423,"date":"2024-07-12T06:38:29","date_gmt":"2024-07-12T06:38:29","guid":{"rendered":"https:\/\/www.emerchantpay.com\/gaming\/"},"modified":"2025-05-07T08:09:45","modified_gmt":"2025-05-07T08:09:45","slug":"gaming","status":"publish","type":"page","link":"https:\/\/www.emerchantpay.com\/de\/gaming\/","title":{"rendered":"E-Gaming"},"content":{"rendered":"","protected":false},"excerpt":{"rendered":"","protected":false},"author":7,"featured_media":0,"parent":0,"menu_order":0,"comment_status":"closed","ping_status":"closed","template":"","meta":{"_acf_changed":false,"footnotes":""},"tags":[],"class_list":["post-20423","page","type-page","status-publish","hentry"],"acf":{"gaming_section_1_title":"Zahlungsl\u00f6sungen f\u00fcr Spiele ","gaming_section_1_subtitle":"Verbessern Sie die Zahlungserfahrungen Ihrer Kunden ","gaming_section_1_text":"Mit \u00fcber 20 Jahren Erfahrung sind wir mit den einzigartigen und schnelllebigen Aspekten der Gl\u00fccksspielbranche vertraut. Unser Expertenteam hilft Ihnen, Ihren Kunden das Bezahlen zu erleichtern, damit sie sich auf ihr Spiel konzentrieren k\u00f6nnen. Wir bieten eine einzige Plattform mit End-to-End-Zahlungsl\u00f6sungen. ","gaming_section_1_button_text":"Kontakt aufnehmen ","gaming_section_1_button_url":"\/de\/contact-us\/","gaming_section_2_title":"Erreichen Sie mehr Spieler ","gaming_section_2_subtitle":"Nutzen Sie unsere globale Akquise und eine Reihe beliebter Zahlungsmethoden ","gaming_section_2_text":"Eine Welt von neuen Kunden wartet auf Sie. Akzeptieren Sie m\u00fchelos Kartenzahlungen und die bevorzugten alternativen Zahlungsmethoden ihrer Spieler. Vom Vereinigten K\u00f6nigreich und Europa bis hin zu LATAM und dar\u00fcber hinaus stellen wir sicher, dass Sie die Zahlungspr\u00e4ferenzen ihrer Spieler ber\u00fccksichtigen k\u00f6nnen. ","gaming_section_2_bullet_1":"Steigern Sie die Zahl der Einzahlungen mit lokalen Zahlungsmethoden wie Pix, BLIK, Bancontact und anderen ","gaming_section_2_bullet_2":"Wir sorgen mit reibungslosen Auszahlungen daf\u00fcr, dass ihre Kunden gerne wiederkommmen ","gaming_section_2_bullet_3":"Akzeptieren Sie \u00fcber 150 Verarbeitungsw\u00e4hrungen und rechnen Sie in GBP, EUR und mehr ab ","gaming_section_2_bullet_4":"Setzen Sie sich mit unseren regionalen Teams in Verbindung, um lokale Erkenntnisse zu gewinnen und Ihre Strategie f\u00fcr grenz\u00fcberschreitende Zahlungen zu st\u00e4rken  ","gaming_section_3_title":"Nutzen Sie unsere individuelle Zahlungsberatung ","gaming_section_3_text":"Sie k\u00f6nnen sich darauf verlassen, dass unsere Partnerschaft von Dauer sein wird. Wir investieren Zeit und Sorgfalt in jedes Unternehmen, mit dem wir zusammenarbeiten, und stellen sicher, dass Sie mit einem Team zusammenarbeiten, das in Ihrer Branche erfahren ist. ","gaming_section_3_icon_text_1":"Ihr pers\u00f6nlicher Kundenbetreuer steht Ihnen f\u00fcr alle allt\u00e4glichen Fragen zur Verf\u00fcgung ","gaming_section_3_icon_text_2":"Profitieren Sie von 24\/7 technischem Support und telefonischer Unterst\u00fctzung durch unseren Helpdesk ","gaming_section_3_icon_text_3":"Optimieren Sie den Transaktionsverkehr und verbessern Sie Ihre Akzeptanzraten durch die Zusammenarbeit mit Ihrem speziellen Risikoanalysten ","gaming_section_4_title":"Zahlungsl\u00f6sungen f\u00fcr iGaming ","gaming_section_4_icon_text_1":"Optimieren Sie Ihre Zahlungsabwicklung mit unserem internen Acquiring und Gateway ","gaming_section_4_icon_text_2":"Halten Sie die Spieler mit Zahlungen per Mausklick im Spiel ","gaming_section_4_icon_text_3":"Dank der 99,99%igen Betriebszeit unserer Plattform k\u00f6nnen Spieler problemlos Geld einzahlen und abheben ","gaming_section_5_title":"Erfahren Sie mehr \u00fcber unsere L\u00f6sungen f\u00fcr Gl\u00fccksspielunternehmen ","gaming_section_5_button_text":"Jetzt optimieren ","gaming_section_5_button_url":"\/de\/contact-us\/"},"yoast_head":"<!-- This site is optimized with the Yoast SEO plugin v27.1.1 - https:\/\/yoast.com\/product\/yoast-seo-wordpress\/ -->\n<title>emerchantpay<\/title>\n<meta name=\"robots\" content=\"index, follow, max-snippet:-1, max-image-preview:large, max-video-preview:-1\" \/>\n<meta property=\"og:locale\" content=\"en_US\" \/>\n<meta property=\"article:publisher\" content=\"https:\/\/www.facebook.com\/emerchantpay\" \/>\n<meta property=\"article:modified_time\" content=\"2025-05-07T08:09:45+00:00\" \/>\n<meta property=\"og:image\" content=\"https:\/\/cdn.emerchantpay.com\/uploads\/join-the-emerchantpay-team.jpg\" \/>\n\t<meta property=\"og:image:width\" content=\"1256\" \/>\n\t<meta property=\"og:image:height\" content=\"628\" \/>\n\t<meta property=\"og:image:type\" content=\"image\/jpeg\" \/>\n<meta name=\"twitter:card\" content=\"summary_large_image\" \/>\n<meta name=\"twitter:site\" content=\"@emerchantpay\" \/>\n<script type=\"application\/ld+json\" class=\"yoast-schema-graph\">{\"@context\":\"https:\/\/schema.org\",\"@graph\":[{\"@type\":\"WebPage\",\"@id\":\"https:\/\/www.emerchantpay.com\/de\/gaming\/\",\"url\":\"https:\/\/www.emerchantpay.com\/de\/gaming\/\",\"name\":\"Gaming-Zahlungsl\u00f6sungen | emerchantpay\",\"isPartOf\":{\"@id\":\"https:\/\/www.emerchantpay.com\/de\/#website\"},\"datePublished\":\"2024-07-12T06:46:21+00:00\",\"dateModified\":\"2025-05-07T08:09:45+00:00\",\"description\":\"Maximieren Sie Ihre Zahlungsleistung. Optimierte L\u00f6sungen f\u00fcr die Gl\u00fccksspielindustrie | Global Acquiring | Risiko- und Reportingl\u00f6sungen\",\"breadcrumb\":{\"@id\":\"https:\/\/www.emerchantpay.com\/de\/gaming\/#breadcrumb\"},\"inLanguage\":\"de-DE\",\"potentialAction\":[{\"@type\":\"ReadAction\",\"target\":[\"https:\/\/www.emerchantpay.com\/de\/gaming\/\"]}]},{\"@type\":\"BreadcrumbList\",\"@id\":\"https:\/\/www.emerchantpay.com\/de\/gaming\/#breadcrumb\",\"itemListElement\":[{\"@type\":\"ListItem\",\"position\":1,\"name\":\"Home\",\"item\":\"https:\/\/www.emerchantpay.com\/de\/\"},{\"@type\":\"ListItem\",\"position\":2,\"name\":\"E-Gaming\"}]},{\"@type\":\"WebSite\",\"@id\":\"https:\/\/www.emerchantpay.com\/de\/#website\",\"url\":\"https:\/\/www.emerchantpay.com\/de\/\",\"name\":\"emerchantpay\",\"description\":\"Online &amp; POS Payments Made Easy\",\"publisher\":{\"@id\":\"https:\/\/www.emerchantpay.com\/de\/#organization\"},\"inLanguage\":\"de-DE\"},{\"@type\":\"Organization\",\"@id\":\"https:\/\/www.emerchantpay.com\/de\/#organization\",\"name\":\"emerchantpay\",\"url\":\"https:\/\/www.emerchantpay.com\/de\/\",\"logo\":{\"@type\":\"ImageObject\",\"inLanguage\":\"de-DE\",\"@id\":\"https:\/\/www.emerchantpay.com\/de\/#\/schema\/logo\/image\/\",\"url\":\"https:\/\/cdn.emerchantpay.com\/uploads\/2018\/05\/EMP-Avatar.jpg\",\"contentUrl\":\"https:\/\/cdn.emerchantpay.com\/uploads\/2018\/05\/EMP-Avatar.jpg\",\"width\":500,\"height\":500,\"caption\":\"emerchantpay\"},\"image\":{\"@id\":\"https:\/\/www.emerchantpay.com\/de\/#\/schema\/logo\/image\/\"},\"sameAs\":[\"https:\/\/www.facebook.com\/emerchantpay\",\"https:\/\/x.com\/emerchantpay\",\"https:\/\/www.linkedin.com\/company\/emerchantpay-ltd\/\",\"https:\/\/www.pinterest.co.uk\/emerchantpay\/\",\"https:\/\/www.youtube.com\/channel\/UC5lq-ZqlphsUVpLsDJmjLag\"]}]}<\/script>\n<!-- \/ Yoast SEO plugin. -->","yoast_head_json":{"title":"emerchantpay","robots":{"index":"index","follow":"follow","max-snippet":"max-snippet:-1","max-image-preview":"max-image-preview:large","max-video-preview":"max-video-preview:-1"},"og_locale":"en_US","article_publisher":"https:\/\/www.facebook.com\/emerchantpay","article_modified_time":"2025-05-07T08:09:45+00:00","og_image":[{"width":1256,"height":628,"url":"https:\/\/cdn.emerchantpay.com\/uploads\/join-the-emerchantpay-team.jpg","type":"image\/jpeg"}],"twitter_card":"summary_large_image","twitter_site":"@emerchantpay","schema":{"@context":"https:\/\/schema.org","@graph":[{"@type":"WebPage","@id":"https:\/\/www.emerchantpay.com\/de\/gaming\/","url":"https:\/\/www.emerchantpay.com\/de\/gaming\/","name":"Gaming-Zahlungsl\u00f6sungen | emerchantpay","isPartOf":{"@id":"https:\/\/www.emerchantpay.com\/de\/#website"},"datePublished":"2024-07-12T06:46:21+00:00","dateModified":"2025-05-07T08:09:45+00:00","description":"Maximieren Sie Ihre Zahlungsleistung. Optimierte L\u00f6sungen f\u00fcr die Gl\u00fccksspielindustrie | Global Acquiring | Risiko- und Reportingl\u00f6sungen","breadcrumb":{"@id":"https:\/\/www.emerchantpay.com\/de\/gaming\/#breadcrumb"},"inLanguage":"de-DE","potentialAction":[{"@type":"ReadAction","target":["https:\/\/www.emerchantpay.com\/de\/gaming\/"]}]},{"@type":"BreadcrumbList","@id":"https:\/\/www.emerchantpay.com\/de\/gaming\/#breadcrumb","itemListElement":[{"@type":"ListItem","position":1,"name":"Home","item":"https:\/\/www.emerchantpay.com\/de\/"},{"@type":"ListItem","position":2,"name":"E-Gaming"}]},{"@type":"WebSite","@id":"https:\/\/www.emerchantpay.com\/de\/#website","url":"https:\/\/www.emerchantpay.com\/de\/","name":"emerchantpay","description":"Online &amp; POS Payments Made Easy","publisher":{"@id":"https:\/\/www.emerchantpay.com\/de\/#organization"},"inLanguage":"de-DE"},{"@type":"Organization","@id":"https:\/\/www.emerchantpay.com\/de\/#organization","name":"emerchantpay","url":"https:\/\/www.emerchantpay.com\/de\/","logo":{"@type":"ImageObject","inLanguage":"de-DE","@id":"https:\/\/www.emerchantpay.com\/de\/#\/schema\/logo\/image\/","url":"https:\/\/cdn.emerchantpay.com\/uploads\/2018\/05\/EMP-Avatar.jpg","contentUrl":"https:\/\/cdn.emerchantpay.com\/uploads\/2018\/05\/EMP-Avatar.jpg","width":500,"height":500,"caption":"emerchantpay"},"image":{"@id":"https:\/\/www.emerchantpay.com\/de\/#\/schema\/logo\/image\/"},"sameAs":["https:\/\/www.facebook.com\/emerchantpay","https:\/\/x.com\/emerchantpay","https:\/\/www.linkedin.com\/company\/emerchantpay-ltd\/","https:\/\/www.pinterest.co.uk\/emerchantpay\/","https:\/\/www.youtube.com\/channel\/UC5lq-ZqlphsUVpLsDJmjLag"]}]}},"_links":{"self":[{"href":"https:\/\/www.emerchantpay.com\/de\/wp-json\/wp\/v2\/pages\/20423","targetHints":{"allow":["GET"]}}],"collection":[{"href":"https:\/\/www.emerchantpay.com\/de\/wp-json\/wp\/v2\/pages"}],"about":[{"href":"https:\/\/www.emerchantpay.com\/de\/wp-json\/wp\/v2\/types\/page"}],"author":[{"embeddable":true,"href":"https:\/\/www.emerchantpay.com\/de\/wp-json\/wp\/v2\/users\/7"}],"replies":[{"embeddable":true,"href":"https:\/\/www.emerchantpay.com\/de\/wp-json\/wp\/v2\/comments?post=20423"}],"version-history":[{"count":4,"href":"https:\/\/www.emerchantpay.com\/de\/wp-json\/wp\/v2\/pages\/20423\/revisions"}],"predecessor-version":[{"id":22233,"href":"https:\/\/www.emerchantpay.com\/de\/wp-json\/wp\/v2\/pages\/20423\/revisions\/22233"}],"wp:attachment":[{"href":"https:\/\/www.emerchantpay.com\/de\/wp-json\/wp\/v2\/media?parent=20423"}],"wp:term":[{"taxonomy":"post_tag","embeddable":true,"href":"https:\/\/www.emerchantpay.com\/de\/wp-json\/wp\/v2\/tags?post=20423"}],"curies":[{"name":"wp","href":"https:\/\/api.w.org\/{rel}","templated":true}]}}