{"id":20426,"date":"2024-07-12T06:39:14","date_gmt":"2024-07-12T06:39:14","guid":{"rendered":"https:\/\/www.emerchantpay.com\/financial-services\/"},"modified":"2025-05-07T08:07:48","modified_gmt":"2025-05-07T08:07:48","slug":"financial-services","status":"publish","type":"page","link":"https:\/\/www.emerchantpay.com\/de\/financial-services\/","title":{"rendered":"Finanzdienstleistungen"},"content":{"rendered":"","protected":false},"excerpt":{"rendered":"","protected":false},"author":7,"featured_media":0,"parent":0,"menu_order":0,"comment_status":"closed","ping_status":"closed","template":"","meta":{"_acf_changed":false,"footnotes":""},"tags":[],"class_list":["post-20426","page","type-page","status-publish","hentry"],"acf":{"financial_services_section_1_title":"Zahlungsl\u00f6sungen f\u00fcr Finanzdienstleistungen ","financial_services_section_1_subtitle":"Zukunftssichere Zahlungsstrategie ","financial_services_section_1_text":"Mit \u00fcber 20 Jahren Branchenerfahrung hilft Ihnen unser Team, ein Zahlungserlebnis zu schaffen, das Ihre Kunden lieben werden. Unsere All-in-One-Plattform umfasst Globales Acquiring, moderne POS-Terminals, schnelle Auszahlungen und mehr. ","financial_services_section_1_button_text":"Kontakt aufnehmen ","financial_services_section_1_button_url":"\/de\/contact-us\/","financial_services_section_2_title":"Ihr Partner f\u00fcr den Erfolg ","financial_services_section_2_subtitle":"Vertrauen, Transparenz und Verantwortlichkeit sind unser Kernst\u00fcck ","financial_services_section_2_text":"Wir geben Ihnen ma\u00dfgeschneiderte Zahlungsempfehlungen, die auf die Bed\u00fcrfnisse Ihres Unternehmens abgestimmt sind. Unser Expertenteam verf\u00fcgt \u00fcber ein tiefes Verst\u00e4ndnis Ihrer Branche, und Sie k\u00f6nnen sich darauf verlassen, dass wir vom ersten Tag an offen kommunizieren. ","financial_services_section_2_bullet_text_1":"Ihr Kundenbetreuer ist mit den besonderen rechtlichen Anforderungen Ihrer Branche bestens vertraut ","financial_services_section_2_bullet_text_2":"Ihr Risikoanalyst kann Ihre Transaktionsschwellenwerte optimieren und ma\u00dfgeschneiderte Betrugsregeln festlegen ","financial_services_section_2_bullet_text_3":"Unser 24\/7-Supportteam steht bereit, um eine reibungslose Zahlungsabwicklung zu gew\u00e4hrleisten ","financial_services_section_3_title":"Vereinfachen Sie die Zahlungsabwicklung f\u00fcr Ihre Kunden ","financial_services_section_3_text":"Wir geben Ihnen die M\u00f6glichkeit, einen Zahlungsmix zu w\u00e4hlen, der f\u00fcr Ihr Gesch\u00e4ftsmodell und Ihre Kunden sinnvoll ist. Ganz gleich, ob Sie Zahlungen pers\u00f6nlich, per App oder \u00fcber Ihre Website akzeptieren m\u00f6chten, wir haben die L\u00f6sung f\u00fcr Sie. ","financial_services_section_3_icon_text_1":"Bieten Sie bevorzugte Zahlungsmethoden wie eWallets, QR-Code-basierte Zahlungen, Echtzeit-Bank\u00fcberweisungen und mehr an ","financial_services_section_3_icon_text_2":"Profitieren Sie von unseren flexiblen Integrationsmethoden, Verbindungen zu f\u00fchrenden Plattformen und einfach zu bedienenden Zahlungsverbindungen ","financial_services_section_3_icon_text_3":"Erweitern Sie Ihre Reichweite mit unserem globales Acquiring, der mehrsprachigen gehosteten Zahlungsseite und den Verarbeitungs- und Abrechnungsw\u00e4hrungen, die Ihren Anforderungen entsprechen ","financial_services_section_3_icon_text_4":"Verbessern Sie die Effizienz Ihres Unternehmens mit unseren eleganten Android-basierten POS-Terminals, die sich in Ihr bestehendes System integrieren lassen ","financial_services_section_3_icon_text_5":"Zugang zu schnellen Ein- und Auszahlungen \u00fcber eine einzige Plattform ","financial_services_section_3_icon_text_6":"Technischer Support rund um die Uhr, ein engagierter Kundenbetreuer und ein Risikoanalyst, die sich alle um Ihre Bed\u00fcrfnisse k\u00fcmmern ","financial_services_section_4_title":"Profitieren Sie von unseren Mehrwertdiensten ","financial_services_section_4_icon_text_1":"Vereinfachen Sie Ihren Abgleich mit vollst\u00e4ndig transparenten Berichten ","financial_services_section_4_icon_text_2":"Nutzen Sie die Vorteile unseres hauseigenen, PCI Level 1 zertifizierten Zahlungs-Gateways ","financial_services_section_4_icon_text_3":"Bleiben Sie informiert mit Echtzeit-Einblicken in Ihre Online-Transaktionen ","financial_services_section_5_title":"Erfahren Sie mehr dar\u00fcber, wie wir Ihr Zahlungserlebnis anpassen k\u00f6nnen ","financial_services_section_5_button_text":"Los geht's ","financial_services_section_5_button_url":"\/de\/contact-us\/"},"yoast_head":"<!-- This site is optimized with the Yoast SEO plugin v27.1.1 - https:\/\/yoast.com\/product\/yoast-seo-wordpress\/ -->\n<title>emerchantpay<\/title>\n<meta name=\"robots\" content=\"index, follow, max-snippet:-1, max-image-preview:large, max-video-preview:-1\" \/>\n<meta property=\"og:locale\" content=\"en_US\" \/>\n<meta property=\"article:publisher\" content=\"https:\/\/www.facebook.com\/emerchantpay\" \/>\n<meta property=\"article:modified_time\" content=\"2025-05-07T08:07:48+00:00\" \/>\n<meta property=\"og:image\" content=\"https:\/\/cdn.emerchantpay.com\/uploads\/join-the-emerchantpay-team.jpg\" \/>\n\t<meta property=\"og:image:width\" content=\"1256\" \/>\n\t<meta property=\"og:image:height\" content=\"628\" \/>\n\t<meta property=\"og:image:type\" content=\"image\/jpeg\" \/>\n<meta name=\"twitter:card\" content=\"summary_large_image\" \/>\n<meta name=\"twitter:site\" content=\"@emerchantpay\" \/>\n<script type=\"application\/ld+json\" class=\"yoast-schema-graph\">{\"@context\":\"https:\/\/schema.org\",\"@graph\":[{\"@type\":\"WebPage\",\"@id\":\"https:\/\/www.emerchantpay.com\/de\/financial-services\/\",\"url\":\"https:\/\/www.emerchantpay.com\/de\/financial-services\/\",\"name\":\"Zahlungsl\u00f6sungen f\u00fcr Finanzdienstleistungen | emerchantpay\",\"isPartOf\":{\"@id\":\"https:\/\/www.emerchantpay.com\/de\/#website\"},\"datePublished\":\"2024-07-12T06:45:42+00:00\",\"dateModified\":\"2025-05-07T08:07:48+00:00\",\"description\":\"Steigern Sie Ihre Zahlungsleistung mit sicheren L\u00f6sungen f\u00fcr die Finanzdienstleistungsbranche. Engagierter Account Manager | 20+ Jahre Erfahrung\",\"breadcrumb\":{\"@id\":\"https:\/\/www.emerchantpay.com\/de\/financial-services\/#breadcrumb\"},\"inLanguage\":\"de-DE\",\"potentialAction\":[{\"@type\":\"ReadAction\",\"target\":[\"https:\/\/www.emerchantpay.com\/de\/financial-services\/\"]}]},{\"@type\":\"BreadcrumbList\",\"@id\":\"https:\/\/www.emerchantpay.com\/de\/financial-services\/#breadcrumb\",\"itemListElement\":[{\"@type\":\"ListItem\",\"position\":1,\"name\":\"Home\",\"item\":\"https:\/\/www.emerchantpay.com\/de\/\"},{\"@type\":\"ListItem\",\"position\":2,\"name\":\"Finanzdienstleistungen\"}]},{\"@type\":\"WebSite\",\"@id\":\"https:\/\/www.emerchantpay.com\/de\/#website\",\"url\":\"https:\/\/www.emerchantpay.com\/de\/\",\"name\":\"emerchantpay\",\"description\":\"Online &amp; POS Payments Made Easy\",\"publisher\":{\"@id\":\"https:\/\/www.emerchantpay.com\/de\/#organization\"},\"inLanguage\":\"de-DE\"},{\"@type\":\"Organization\",\"@id\":\"https:\/\/www.emerchantpay.com\/de\/#organization\",\"name\":\"emerchantpay\",\"url\":\"https:\/\/www.emerchantpay.com\/de\/\",\"logo\":{\"@type\":\"ImageObject\",\"inLanguage\":\"de-DE\",\"@id\":\"https:\/\/www.emerchantpay.com\/de\/#\/schema\/logo\/image\/\",\"url\":\"https:\/\/cdn.emerchantpay.com\/uploads\/2018\/05\/EMP-Avatar.jpg\",\"contentUrl\":\"https:\/\/cdn.emerchantpay.com\/uploads\/2018\/05\/EMP-Avatar.jpg\",\"width\":500,\"height\":500,\"caption\":\"emerchantpay\"},\"image\":{\"@id\":\"https:\/\/www.emerchantpay.com\/de\/#\/schema\/logo\/image\/\"},\"sameAs\":[\"https:\/\/www.facebook.com\/emerchantpay\",\"https:\/\/x.com\/emerchantpay\",\"https:\/\/www.linkedin.com\/company\/emerchantpay-ltd\/\",\"https:\/\/www.pinterest.co.uk\/emerchantpay\/\",\"https:\/\/www.youtube.com\/channel\/UC5lq-ZqlphsUVpLsDJmjLag\"]}]}<\/script>\n<!-- \/ Yoast SEO plugin. -->","yoast_head_json":{"title":"emerchantpay","robots":{"index":"index","follow":"follow","max-snippet":"max-snippet:-1","max-image-preview":"max-image-preview:large","max-video-preview":"max-video-preview:-1"},"og_locale":"en_US","article_publisher":"https:\/\/www.facebook.com\/emerchantpay","article_modified_time":"2025-05-07T08:07:48+00:00","og_image":[{"width":1256,"height":628,"url":"https:\/\/cdn.emerchantpay.com\/uploads\/join-the-emerchantpay-team.jpg","type":"image\/jpeg"}],"twitter_card":"summary_large_image","twitter_site":"@emerchantpay","schema":{"@context":"https:\/\/schema.org","@graph":[{"@type":"WebPage","@id":"https:\/\/www.emerchantpay.com\/de\/financial-services\/","url":"https:\/\/www.emerchantpay.com\/de\/financial-services\/","name":"Zahlungsl\u00f6sungen f\u00fcr Finanzdienstleistungen | emerchantpay","isPartOf":{"@id":"https:\/\/www.emerchantpay.com\/de\/#website"},"datePublished":"2024-07-12T06:45:42+00:00","dateModified":"2025-05-07T08:07:48+00:00","description":"Steigern Sie Ihre Zahlungsleistung mit sicheren L\u00f6sungen f\u00fcr die Finanzdienstleistungsbranche. Engagierter Account Manager | 20+ Jahre Erfahrung","breadcrumb":{"@id":"https:\/\/www.emerchantpay.com\/de\/financial-services\/#breadcrumb"},"inLanguage":"de-DE","potentialAction":[{"@type":"ReadAction","target":["https:\/\/www.emerchantpay.com\/de\/financial-services\/"]}]},{"@type":"BreadcrumbList","@id":"https:\/\/www.emerchantpay.com\/de\/financial-services\/#breadcrumb","itemListElement":[{"@type":"ListItem","position":1,"name":"Home","item":"https:\/\/www.emerchantpay.com\/de\/"},{"@type":"ListItem","position":2,"name":"Finanzdienstleistungen"}]},{"@type":"WebSite","@id":"https:\/\/www.emerchantpay.com\/de\/#website","url":"https:\/\/www.emerchantpay.com\/de\/","name":"emerchantpay","description":"Online &amp; POS Payments Made Easy","publisher":{"@id":"https:\/\/www.emerchantpay.com\/de\/#organization"},"inLanguage":"de-DE"},{"@type":"Organization","@id":"https:\/\/www.emerchantpay.com\/de\/#organization","name":"emerchantpay","url":"https:\/\/www.emerchantpay.com\/de\/","logo":{"@type":"ImageObject","inLanguage":"de-DE","@id":"https:\/\/www.emerchantpay.com\/de\/#\/schema\/logo\/image\/","url":"https:\/\/cdn.emerchantpay.com\/uploads\/2018\/05\/EMP-Avatar.jpg","contentUrl":"https:\/\/cdn.emerchantpay.com\/uploads\/2018\/05\/EMP-Avatar.jpg","width":500,"height":500,"caption":"emerchantpay"},"image":{"@id":"https:\/\/www.emerchantpay.com\/de\/#\/schema\/logo\/image\/"},"sameAs":["https:\/\/www.facebook.com\/emerchantpay","https:\/\/x.com\/emerchantpay","https:\/\/www.linkedin.com\/company\/emerchantpay-ltd\/","https:\/\/www.pinterest.co.uk\/emerchantpay\/","https:\/\/www.youtube.com\/channel\/UC5lq-ZqlphsUVpLsDJmjLag"]}]}},"_links":{"self":[{"href":"https:\/\/www.emerchantpay.com\/de\/wp-json\/wp\/v2\/pages\/20426","targetHints":{"allow":["GET"]}}],"collection":[{"href":"https:\/\/www.emerchantpay.com\/de\/wp-json\/wp\/v2\/pages"}],"about":[{"href":"https:\/\/www.emerchantpay.com\/de\/wp-json\/wp\/v2\/types\/page"}],"author":[{"embeddable":true,"href":"https:\/\/www.emerchantpay.com\/de\/wp-json\/wp\/v2\/users\/7"}],"replies":[{"embeddable":true,"href":"https:\/\/www.emerchantpay.com\/de\/wp-json\/wp\/v2\/comments?post=20426"}],"version-history":[{"count":5,"href":"https:\/\/www.emerchantpay.com\/de\/wp-json\/wp\/v2\/pages\/20426\/revisions"}],"predecessor-version":[{"id":22231,"href":"https:\/\/www.emerchantpay.com\/de\/wp-json\/wp\/v2\/pages\/20426\/revisions\/22231"}],"wp:attachment":[{"href":"https:\/\/www.emerchantpay.com\/de\/wp-json\/wp\/v2\/media?parent=20426"}],"wp:term":[{"taxonomy":"post_tag","embeddable":true,"href":"https:\/\/www.emerchantpay.com\/de\/wp-json\/wp\/v2\/tags?post=20426"}],"curies":[{"name":"wp","href":"https:\/\/api.w.org\/{rel}","templated":true}]}}