{"id":20433,"date":"2024-07-12T06:46:57","date_gmt":"2024-07-12T06:46:57","guid":{"rendered":"https:\/\/www.emerchantpay.com\/digital-goods\/"},"modified":"2025-04-30T11:23:11","modified_gmt":"2025-04-30T11:23:11","slug":"digital-goods","status":"publish","type":"page","link":"https:\/\/www.emerchantpay.com\/de\/digital-goods\/","title":{"rendered":"Digitale G\u00fcter"},"content":{"rendered":"","protected":false},"excerpt":{"rendered":"","protected":false},"author":7,"featured_media":0,"parent":0,"menu_order":0,"comment_status":"closed","ping_status":"closed","template":"","meta":{"_acf_changed":false,"footnotes":""},"tags":[],"class_list":["post-20433","page","type-page","status-publish","hentry"],"acf":{"digital_goods_section_1_title":"Zahlungsl\u00f6sungen f\u00fcr digitale Dienstleistungen ","digital_goods_section_1_subtitle":"Ein One-Stop-Shop f\u00fcr alle Ihre Zahlungsanforderungen ","digital_goods_section_1_text":"Verabschieden Sie sich von der Handhabung mehrerer Zahlungsanbieter und -prozesse. Unser vollst\u00e4ndig lizenziertes Gateway und Acquiring ist auf einer einzigen Plattform verf\u00fcgbar. Mit mehr als 20 Jahren Erfahrung k\u00f6nnen Sie darauf vertrauen, dass wir eine Zahlungseinrichtung bereitstellen, die auf Ihren Erfolg ausgerichtet ist. ","digital_goods_section_1_button_text":"Kontakt aufnehmen ","digital_goods_section_1_button_url":"\/de\/contact-us\/","digital_goods_section_2_title":"Ihr Unternehmenswachstum ist unsere oberste Priorit\u00e4t ","digital_goods_section_2_subtitle":"Wir haben Ihre Bed\u00fcrfnisse im Blick ","digital_goods_section_2_text":"Vom ersten Tag an wird Ihnen ein engagierter Kundenbetreuer zur Seite gestellt, der Sie durch das Onboarding f\u00fchrt und Ihre Fragen beantwortet. Unsere All-in-One-L\u00f6sung bietet eine unkomplizierte Einrichtung und wettbewerbsf\u00e4hige Preise. ","digital_goods_section_2_bullet_text_1":"Unser langj\u00e4hriges Branchen-Know-how bildet die Grundlage f\u00fcr eine dauerhafte Partnerschaft ","digital_goods_section_2_bullet_text_2":"Wir stellen unsere Kunden in den Mittelpunkt und sorgen daf\u00fcr, dass jede Entscheidung unser Engagement f\u00fcr hervorragende Leistungen widerspiegelt ","digital_goods_section_2_bullet_text_3":"Wir sind in der Lage, Ihre komplexen Gesch\u00e4ftsanforderungen zu erf\u00fcllen und individuelle Empfehlungen zu geben ","digital_goods_section_2_bullet_text_4":"Sie werden mit einem engagierten Risikoanalysten zusammenarbeiten, um Ihre Annahmequote zu optimieren und Streitf\u00e4lle zu verwalten ","digital_goods_section_3_title":"Zahlungen in den Hintergrund treten lassen ","digital_goods_section_3_text":"Zahlungen sollten f\u00fcr Ihre Kunden ein Kinderspiel sein, keine H\u00fcrde. Wir arbeiten mit Ihnen zusammen, um sicherzustellen, dass Ihr Checkout-Erlebnis so reibungslos wie m\u00f6glich ist. ","digital_goods_section_3_icon_text_1":"Zugang zu den wichtigsten Zahlungsmethoden, einschlie\u00dflich beliebter Optionen wie Apple Pay, Google Pay\u2122 und PayPal ","digital_goods_section_3_icon_text_2":"Lassen Sie wiederkehrende Kunden mit der Karten-Tokenisierung in nur wenigen Schritten bezahlen  ","digital_goods_section_3_icon_text_3":"Akzeptieren Sie Transaktionen online, in der App und \u00fcber Zahlungslinks, um Kunden mehr Komfort zu bieten ","digital_goods_section_5_title":"Erfahren Sie mehr \u00fcber unsere L\u00f6sungen f\u00fcr digitale Unternehmen ","digital_goods_section_5_button_text":"Jetzt optimieren ","digital_goods_section_5_button_url":"\/de\/contact-us\/"},"yoast_head":"<!-- This site is optimized with the Yoast SEO plugin v27.1.1 - https:\/\/yoast.com\/product\/yoast-seo-wordpress\/ -->\n<title>emerchantpay<\/title>\n<meta name=\"robots\" content=\"index, follow, max-snippet:-1, max-image-preview:large, max-video-preview:-1\" \/>\n<meta property=\"og:locale\" content=\"en_US\" \/>\n<meta property=\"article:publisher\" content=\"https:\/\/www.facebook.com\/emerchantpay\" \/>\n<meta property=\"article:modified_time\" content=\"2025-04-30T11:23:11+00:00\" \/>\n<meta property=\"og:image\" content=\"https:\/\/cdn.emerchantpay.com\/uploads\/join-the-emerchantpay-team.jpg\" \/>\n\t<meta property=\"og:image:width\" content=\"1256\" \/>\n\t<meta property=\"og:image:height\" content=\"628\" \/>\n\t<meta property=\"og:image:type\" content=\"image\/jpeg\" \/>\n<meta name=\"twitter:card\" content=\"summary_large_image\" \/>\n<meta name=\"twitter:site\" content=\"@emerchantpay\" \/>\n<script type=\"application\/ld+json\" class=\"yoast-schema-graph\">{\"@context\":\"https:\/\/schema.org\",\"@graph\":[{\"@type\":\"WebPage\",\"@id\":\"https:\/\/www.emerchantpay.com\/de\/digital-goods\/\",\"url\":\"https:\/\/www.emerchantpay.com\/de\/digital-goods\/\",\"name\":\"Zahlungsl\u00f6sungen f\u00fcr digitale G\u00fcter und Dienstleistungen | emerchantpay\",\"isPartOf\":{\"@id\":\"https:\/\/www.emerchantpay.com\/de\/#website\"},\"datePublished\":\"2024-07-12T06:47:40+00:00\",\"dateModified\":\"2025-04-30T11:23:11+00:00\",\"description\":\"Optimieren Sie Ihre Leistung mit unserer All-in-One-Plattform, Acquiring, nahtlose Zahlungen, fortschrittliches Risikomanagement und mehr als 20 Jahre Branchenerfahrung bietet.\",\"breadcrumb\":{\"@id\":\"https:\/\/www.emerchantpay.com\/de\/digital-goods\/#breadcrumb\"},\"inLanguage\":\"de-DE\",\"potentialAction\":[{\"@type\":\"ReadAction\",\"target\":[\"https:\/\/www.emerchantpay.com\/de\/digital-goods\/\"]}]},{\"@type\":\"BreadcrumbList\",\"@id\":\"https:\/\/www.emerchantpay.com\/de\/digital-goods\/#breadcrumb\",\"itemListElement\":[{\"@type\":\"ListItem\",\"position\":1,\"name\":\"Home\",\"item\":\"https:\/\/www.emerchantpay.com\/de\/\"},{\"@type\":\"ListItem\",\"position\":2,\"name\":\"Digitale G\u00fcter\"}]},{\"@type\":\"WebSite\",\"@id\":\"https:\/\/www.emerchantpay.com\/de\/#website\",\"url\":\"https:\/\/www.emerchantpay.com\/de\/\",\"name\":\"emerchantpay\",\"description\":\"Online &amp; POS Payments Made Easy\",\"publisher\":{\"@id\":\"https:\/\/www.emerchantpay.com\/de\/#organization\"},\"inLanguage\":\"de-DE\"},{\"@type\":\"Organization\",\"@id\":\"https:\/\/www.emerchantpay.com\/de\/#organization\",\"name\":\"emerchantpay\",\"url\":\"https:\/\/www.emerchantpay.com\/de\/\",\"logo\":{\"@type\":\"ImageObject\",\"inLanguage\":\"de-DE\",\"@id\":\"https:\/\/www.emerchantpay.com\/de\/#\/schema\/logo\/image\/\",\"url\":\"https:\/\/cdn.emerchantpay.com\/uploads\/2018\/05\/EMP-Avatar.jpg\",\"contentUrl\":\"https:\/\/cdn.emerchantpay.com\/uploads\/2018\/05\/EMP-Avatar.jpg\",\"width\":500,\"height\":500,\"caption\":\"emerchantpay\"},\"image\":{\"@id\":\"https:\/\/www.emerchantpay.com\/de\/#\/schema\/logo\/image\/\"},\"sameAs\":[\"https:\/\/www.facebook.com\/emerchantpay\",\"https:\/\/x.com\/emerchantpay\",\"https:\/\/www.linkedin.com\/company\/emerchantpay-ltd\/\",\"https:\/\/www.pinterest.co.uk\/emerchantpay\/\",\"https:\/\/www.youtube.com\/channel\/UC5lq-ZqlphsUVpLsDJmjLag\"]}]}<\/script>\n<!-- \/ Yoast SEO plugin. -->","yoast_head_json":{"title":"emerchantpay","robots":{"index":"index","follow":"follow","max-snippet":"max-snippet:-1","max-image-preview":"max-image-preview:large","max-video-preview":"max-video-preview:-1"},"og_locale":"en_US","article_publisher":"https:\/\/www.facebook.com\/emerchantpay","article_modified_time":"2025-04-30T11:23:11+00:00","og_image":[{"width":1256,"height":628,"url":"https:\/\/cdn.emerchantpay.com\/uploads\/join-the-emerchantpay-team.jpg","type":"image\/jpeg"}],"twitter_card":"summary_large_image","twitter_site":"@emerchantpay","schema":{"@context":"https:\/\/schema.org","@graph":[{"@type":"WebPage","@id":"https:\/\/www.emerchantpay.com\/de\/digital-goods\/","url":"https:\/\/www.emerchantpay.com\/de\/digital-goods\/","name":"Zahlungsl\u00f6sungen f\u00fcr digitale G\u00fcter und Dienstleistungen | emerchantpay","isPartOf":{"@id":"https:\/\/www.emerchantpay.com\/de\/#website"},"datePublished":"2024-07-12T06:47:40+00:00","dateModified":"2025-04-30T11:23:11+00:00","description":"Optimieren Sie Ihre Leistung mit unserer All-in-One-Plattform, Acquiring, nahtlose Zahlungen, fortschrittliches Risikomanagement und mehr als 20 Jahre Branchenerfahrung bietet.","breadcrumb":{"@id":"https:\/\/www.emerchantpay.com\/de\/digital-goods\/#breadcrumb"},"inLanguage":"de-DE","potentialAction":[{"@type":"ReadAction","target":["https:\/\/www.emerchantpay.com\/de\/digital-goods\/"]}]},{"@type":"BreadcrumbList","@id":"https:\/\/www.emerchantpay.com\/de\/digital-goods\/#breadcrumb","itemListElement":[{"@type":"ListItem","position":1,"name":"Home","item":"https:\/\/www.emerchantpay.com\/de\/"},{"@type":"ListItem","position":2,"name":"Digitale G\u00fcter"}]},{"@type":"WebSite","@id":"https:\/\/www.emerchantpay.com\/de\/#website","url":"https:\/\/www.emerchantpay.com\/de\/","name":"emerchantpay","description":"Online &amp; POS Payments Made Easy","publisher":{"@id":"https:\/\/www.emerchantpay.com\/de\/#organization"},"inLanguage":"de-DE"},{"@type":"Organization","@id":"https:\/\/www.emerchantpay.com\/de\/#organization","name":"emerchantpay","url":"https:\/\/www.emerchantpay.com\/de\/","logo":{"@type":"ImageObject","inLanguage":"de-DE","@id":"https:\/\/www.emerchantpay.com\/de\/#\/schema\/logo\/image\/","url":"https:\/\/cdn.emerchantpay.com\/uploads\/2018\/05\/EMP-Avatar.jpg","contentUrl":"https:\/\/cdn.emerchantpay.com\/uploads\/2018\/05\/EMP-Avatar.jpg","width":500,"height":500,"caption":"emerchantpay"},"image":{"@id":"https:\/\/www.emerchantpay.com\/de\/#\/schema\/logo\/image\/"},"sameAs":["https:\/\/www.facebook.com\/emerchantpay","https:\/\/x.com\/emerchantpay","https:\/\/www.linkedin.com\/company\/emerchantpay-ltd\/","https:\/\/www.pinterest.co.uk\/emerchantpay\/","https:\/\/www.youtube.com\/channel\/UC5lq-ZqlphsUVpLsDJmjLag"]}]}},"_links":{"self":[{"href":"https:\/\/www.emerchantpay.com\/de\/wp-json\/wp\/v2\/pages\/20433","targetHints":{"allow":["GET"]}}],"collection":[{"href":"https:\/\/www.emerchantpay.com\/de\/wp-json\/wp\/v2\/pages"}],"about":[{"href":"https:\/\/www.emerchantpay.com\/de\/wp-json\/wp\/v2\/types\/page"}],"author":[{"embeddable":true,"href":"https:\/\/www.emerchantpay.com\/de\/wp-json\/wp\/v2\/users\/7"}],"replies":[{"embeddable":true,"href":"https:\/\/www.emerchantpay.com\/de\/wp-json\/wp\/v2\/comments?post=20433"}],"version-history":[{"count":3,"href":"https:\/\/www.emerchantpay.com\/de\/wp-json\/wp\/v2\/pages\/20433\/revisions"}],"predecessor-version":[{"id":22215,"href":"https:\/\/www.emerchantpay.com\/de\/wp-json\/wp\/v2\/pages\/20433\/revisions\/22215"}],"wp:attachment":[{"href":"https:\/\/www.emerchantpay.com\/de\/wp-json\/wp\/v2\/media?parent=20433"}],"wp:term":[{"taxonomy":"post_tag","embeddable":true,"href":"https:\/\/www.emerchantpay.com\/de\/wp-json\/wp\/v2\/tags?post=20433"}],"curies":[{"name":"wp","href":"https:\/\/api.w.org\/{rel}","templated":true}]}}