{"id":8109,"date":"2020-12-11T09:19:56","date_gmt":"2020-12-11T09:19:56","guid":{"rendered":"https:\/\/www.emerchantpay.com\/?page_id=8109"},"modified":"2024-11-28T14:35:19","modified_gmt":"2024-11-28T14:35:19","slug":"privacy-policy","status":"publish","type":"page","link":"https:\/\/www.emerchantpay.com\/de\/privacy-policy\/","title":{"rendered":"Privacy policy"},"content":{"rendered":"<div class=\"row text-center s-vrt-pdng-l bgr-green\">\r\n  <div class=\"col-12\">\r\n    <div class=\"s-hr-pdng-m\">\r\n      <h1 class=\"text-white\">Datenschutzbestimmungen<\/h1>\r\n      <h2 class=\"medium-leading-text\">Unsere Richtlinien zur Erhebung, Nutzung und Sicherheit von Daten<\/h2>\r\n      <p class=\"font-light medium-text\">\r\n        Wir verpflichten uns, die aktuellen gesetzlichen Bestimmungen und Praktiken bez\u00fcglich der Rechte verschiedener Personen einzuhalten.\r\n      <\/p>\r\n    <\/div>\r\n  <\/div>\r\n<\/div>\r\n<div class=\"row s-vrt-pdng-m bgr-white\">\r\n  <div class=\"col-12 text-container\">\r\n    <div class=\"s-hr-pdng-l\">\r\n      <h2 class=\"mt-5 mb-4 h3 text-green\">1. EINLEITUNG<\/h2>\r\n      <p>\r\n        Bitte beachten Sie, dass die bereitgestellte deutschsprachige Version der Datenschutzbestimmungen ausschlie\u00dflich der Information dient. Ausschlie\u00dflich die englischsprachige Version ist rechtlich verbindlich und ma\u00dfgeblich, sollte es Widerspr\u00fcche zwischen der englisch- und deutschsprachigen Version geben.\r\n      <\/p>\r\n      <p>\r\n        Obwohl das vorliegende Dokument auf Englisch und Deutsch verfasst wurde, erfolgt jegliche Kommunikation zwischen Ihnen und der emerchantpay-Gruppe in englischer Sprache. Jegliche Kommunikation in deutscher Sprache dient ausschlie\u00dflich der Information.\r\n      <\/p>\r\n      <p>\r\n        Die emerchantpay-Gruppe ist eine zuverl\u00e4ssige und erfahrene Anbieterin von weltweiten Zahlungsdiensten und -l\u00f6sungen. Zu der Gruppe geh\u00f6ren emerchantpay Ltd. und die unmittelbaren und mittelbaren Tochtergesellschaften und andere zugeh\u00f6rigen Unternehmen.\r\n      <\/p>\r\n      <p>\r\n        emerchantpay Ltd. ist ein E-Geld-Institut, reguliert und beaufsichtigt durch die Financial Conduct Authority mit Hauptgesch\u00e4ftssitz in 29, Howard Street, North Shields, Tyne and Wear, NE30 1AR, Vereinigtes K\u00f6nigreich.\r\n      <\/p>\r\n      <p>\r\n        emerchantpay Ltd. ist registriert als Datenverantwortliche beim Information Commissioner\u2019s Office nach dem Data Protection Act 1998 und unterliegt den Bestimmungen der Datenschutz-Grundverordnung (DSGVO). Diese Datenschutzbestimmungen dienen dazu, dass die Gruppe und ihre Mitarbeiter die neue EU-Verordnung erf\u00fcllen k\u00f6nnen.\r\n      <\/p>\r\n      <p>\r\n        Die emerchantpay-Gruppe erachtet den Umgang mit personenbezogenen Daten auf rechtm\u00e4\u00dfige Weise und nach Treu und Glauben als kritischen Erfolgsfaktor in ihren Abl\u00e4ufen und als einen Schl\u00fcssel zur Wahrung des Vertrauens, das zwischen denen, die mit ihr Gesch\u00e4fte machen, und ihr selbst besteht. Die emerchantpay-Gruppe erkennt ihre rechtlichen Verpflichtungen nach der neuen EU-Verordnung an und bef\u00fcrwortet deren Anforderungen.\r\n      <\/p>\r\n      <p>\r\n        Im Nachfolgenden wird die emerchantpay-Gruppe als emerchantpay bezeichnet.\r\n      <\/p>\r\n      <h2 class=\"mt-5 mb-4 h3 text-green\">2. ZWECK<\/h2>\r\n      <p>        \r\nZweck dieser Datenschutzbestimmungen ist es, sicherzustellen, dass alle Mitarbeiter von emerchantpay und alle anderen, die personenbezogene Daten nutzen k\u00f6nnen oder darauf zugreifen, sich ihrer Pflichten und Verantwortung nach der DSGVO bewusst sind und diese erf\u00fcllen sowie die Datenschutzverfahren einhalten.\r\n      <\/p>\r\n      <h2 class=\"mt-5 mb-4 h3 text-green\">3. UMFANG DER BESTIMMUNGEN<\/h2>\r\n      <p>\r\n        Diese Bestimmungen gelten f\u00fcr alle Daten, die emerchantpay zu identifizierbaren lebenden Personen erhebt und verarbeitet, um effizient arbeiten und Services durchf\u00fchren zu k\u00f6nnen; dazu geh\u00f6ren unter anderem: Namen von Personen, Postanschriften, E-Mail-Adressen, Mobiltelefonnummern usw.\r\n      <\/p>\r\n      <h2 class=\"mt-5 mb-4 h3 text-green\">4. LEITPRINZIPIEN<\/h2>\r\n      <p>\r\n        Die emerchantpay-Gruppe wird sicherstellen, dass das Unternehmen bei seinen Aktivit\u00e4ten dem Gesetzeswortlaut und dem Geiste der Gesetze nach handelt, was Grundrechte und -freiheiten von Personen angeht, deren personenbezogene Daten verarbeitet werden.\r\n      <\/p>\r\n      <p>\r\n        Insbesondere stellt emerchantpay sicher, dass:\r\n      <\/p>\r\n      <ul>\r\n        <li>\r\n          die DSGVO-Anforderungen ordnungsgem\u00e4\u00df umgesetzt werden durch die Schaffung interner Richtlinien und Verfahren;\r\n        <\/li>\r\n        <li>\r\n          ein Datenschutzbeauftragter (DSB) ernannt wird und unabh\u00e4ngig als erste Anlaufstelle f\u00fcr die Aufsichtsbeh\u00f6rde und betroffenen Personen, aber auch innerhalb des Unternehmens agiert;\r\n        <\/li>\r\n        <li>\r\n          die Mitarbeiter geschult und sensibilisiert sind in Bezug auf die gesetzlichen Bestimmungen und ihre Verpflichtungen darnach, einschlie\u00dflich der Verpflichtung zur internen Meldung bestimmter Arten von Datenpannen an den ernannten Datenschutzbeauftragten;\r\n        <\/li>\r\n        <li>\r\n          personenbezogene Daten auf rechtm\u00e4\u00dfige Weise und nach Treu und Glauben erhoben und verarbeitet werden, und zwar ausschlie\u00dflich in dem Umfang, der notwendig ist, um ihre betrieblichen Aufgaben zu erf\u00fcllen und alle rechtlichen Anforderungen einzuhalten;\r\n        <\/li>\r\n        <li>\r\n          die h\u00f6chsten Sicherheitsstandards thematisiert und umgesetzt werden;\r\n        <\/li>\r\n        <li>\r\n          angemessene Vorkehrungen getroffen werden und personenbezogene Daten gegen versehentlichen Verlust, \u00c4nderung, unautorisierte Offenlegung oder unautorisierten Zugriff gesch\u00fctzt sind.\r\n        <\/li>\r\n      <\/ul>\r\n      <h2 class=\"mt-5 mb-4 h3 text-green\">5. DATENSCHUTZ-COMPLIANCE-FRAMEWORK<\/h2>\r\n      <p>\r\n        Um die Einhaltung der DSGVO-Anforderungen zu erleichtern, hat emerchantpay ein starkes und transparentes Datenschutz-Compliance-Framewok aus Richtlinien, Verfahren, internen Kontrollen und Systemen entwickelt und implementiert.\r\n      <\/p>\r\n      <p>\r\n        Das Datenschutz-Compliance-Framework umfasst Vorschriften zu folgenden Punkten:\r\n      <\/p>\r\n      <ul>\r\n        <li>\r\n          F\u00f6rderung einer verbesserten Compliance-Kultur in der gesamten Gruppe;\r\n        <\/li>\r\n        <li>\r\n          Implementierung von Datenschutzrichtlinien und -verfahren;\r\n        <\/li>\r\n        <li>\r\n          Ernennung interner Kontrollstellen (DSB, Compliance, Interne Revision);\r\n        <\/li>\r\n        <li>\r\n          Implementierung interner Kontrollmechanismen zur Durchf\u00fchrung regelm\u00e4\u00dfiger Risikobewertungen zur Identifizierung von Bedrohungen und Schwachstellen, die Datenassets betreffen k\u00f6nnen;\r\n        <\/li>\r\n        <li>\r\n          Sicherstellung der Aktualit\u00e4t der elektronischen Datens\u00e4tze zu den Verarbeitungsaktivit\u00e4ten und der Sicherheit im Betrieb w\u00e4hrenddessen;\r\n        <\/li>\r\n        <li>\r\n          Implementierung interner Kontrollsysteme, damit personenbezogene Daten sicher und gesch\u00fctzt sind vor unautorisierter Verarbeitung, Verlust oder Zerst\u00f6rung;\r\n        <\/li>\r\n        <li>\r\n          Meldung von best\u00e4tigten und mutma\u00dflichen Vorf\u00e4llen an den ernannten DSB;\r\n        <\/li>\r\n        <li>\r\n          schnelle und wohlwollende Behandlung von Anfragen zum Umgang mit personenbezogenen Daten.\r\n        <\/li>\r\n      <\/ul>\r\n      <h2 class=\"mt-5 mb-4 h3 text-green\">6. DATENSCHUTZBEAUFTRAGTER<\/h2>\r\n      <p>\r\n        emerchantpay verf\u00fcgt \u00fcber einen ernannten Datenschutzbeauftragten (DSB) mit spezifischen Zust\u00e4ndigkeiten f\u00fcr Datenschutz.\r\n      <\/p>\r\n      <h2 class=\"mt-5 mb-4 h3 text-green\">7. WEITERE INFORMATIONEN<\/h2>\r\n      <p>\r\n        Wenn Sie auf Ihre von uns gespeicherten personenbezogenen Daten zugreifen, diese korrigieren oder l\u00f6schen m\u00f6chten oder wenn Sie zu diesen Datenschutzbestimmungen Fragen haben oder weitere Informationen w\u00fcnschen, wenden Sie sich bitte an unseren DSB unter <a href=\"mailto:dpo@emerchantpay.com\" class=\"text-green\" target=\"_blank\" rel=\"noopener nofollow noreferrer\">dpo@emerchantpay.com<\/a>.\r\n      <\/p>\r\n      <p>\r\n        Die Abteilung Legal and Compliance \u00fcberpr\u00fcft ihre Verfahren regelm\u00e4\u00dfig, um die kontinuierliche \u00dcbereinstimmung mit diesen Datenschutzbestimmungen sicherzustellen. Wenn Sie eine Kopie der vollst\u00e4ndigen Datenschutzbestimmungen w\u00fcnschen, <a href=\"https:\/\/cdn.emerchantpay.com\/uploads\/EMP_PLC_Privacy-Policy-V4_20241126.pdf\" class=\"text-green\" target=\"_blank\" rel=\"noopener nofollow noreferrer\">klicken Sie bitte hier<\/a>.\r\n\t\t\r\n      <\/p>\r\n    <\/div>\r\n  <\/div>\r\n<\/div>","protected":false},"excerpt":{"rendered":"<p>Datenschutzbestimmungen Unsere Richtlinien zur Erhebung, Nutzung und Sicherheit von Daten Wir verpflichten uns, die aktuellen gesetzlichen Bestimmungen und Praktiken bez\u00fcglich der Rechte verschiedener Personen einzuhalten. 1. EINLEITUNG Bitte beachten Sie, dass die bereitgestellte deutschsprachige Version der Datenschutzbestimmungen ausschlie\u00dflich der Information dient. Ausschlie\u00dflich die englischsprachige Version ist rechtlich verbindlich und ma\u00dfgeblich, sollte es Widerspr\u00fcche zwischen der [&hellip;]<\/p>\n","protected":false},"author":25,"featured_media":0,"parent":0,"menu_order":0,"comment_status":"closed","ping_status":"closed","template":"","meta":{"_acf_changed":false,"footnotes":""},"tags":[],"class_list":["post-8109","page","type-page","status-publish","hentry"],"acf":[],"yoast_head":"<!-- This site is optimized with the Yoast SEO plugin v27.1.1 - https:\/\/yoast.com\/product\/yoast-seo-wordpress\/ -->\n<title>emerchantpay<\/title>\n<meta name=\"robots\" content=\"index, follow, max-snippet:-1, max-image-preview:large, max-video-preview:-1\" \/>\n<meta property=\"og:locale\" content=\"en_US\" \/>\n<meta property=\"article:publisher\" content=\"https:\/\/www.facebook.com\/emerchantpay\" \/>\n<meta property=\"article:modified_time\" content=\"2024-11-28T14:35:19+00:00\" \/>\n<meta property=\"og:image\" content=\"https:\/\/cdn.emerchantpay.com\/uploads\/Back-end-Image-1-1256x628-1.jpg\" \/>\n\t<meta property=\"og:image:width\" content=\"1256\" \/>\n\t<meta property=\"og:image:height\" content=\"628\" \/>\n\t<meta property=\"og:image:type\" content=\"image\/jpeg\" \/>\n<meta name=\"twitter:card\" content=\"summary_large_image\" \/>\n<meta name=\"twitter:site\" content=\"@emerchantpay\" \/>\n<meta name=\"twitter:label1\" content=\"Est. reading time\" \/>\n\t<meta name=\"twitter:data1\" content=\"4 minutes\" \/>\n<script type=\"application\/ld+json\" class=\"yoast-schema-graph\">{\"@context\":\"https:\/\/schema.org\",\"@graph\":[{\"@type\":\"WebPage\",\"@id\":\"https:\/\/www.emerchantpay.com\/de\/privacy-policy\/\",\"url\":\"https:\/\/www.emerchantpay.com\/de\/privacy-policy\/\",\"name\":\"Datenschutzbestimmungen\u00a0| emerchantpay\",\"isPartOf\":{\"@id\":\"https:\/\/www.emerchantpay.com\/de\/#website\"},\"datePublished\":\"2020-12-11T09:19:56+00:00\",\"dateModified\":\"2024-11-28T14:35:19+00:00\",\"description\":\"Datenschutzbestimmungen zur Erhebung, Nutzung und Offenlegung von personenbezogenen Daten auf der Website von emerchantpay.\",\"breadcrumb\":{\"@id\":\"https:\/\/www.emerchantpay.com\/de\/privacy-policy\/#breadcrumb\"},\"inLanguage\":\"de-DE\",\"potentialAction\":[{\"@type\":\"ReadAction\",\"target\":[\"https:\/\/www.emerchantpay.com\/de\/privacy-policy\/\"]}]},{\"@type\":\"BreadcrumbList\",\"@id\":\"https:\/\/www.emerchantpay.com\/de\/privacy-policy\/#breadcrumb\",\"itemListElement\":[{\"@type\":\"ListItem\",\"position\":1,\"name\":\"Home\",\"item\":\"https:\/\/www.emerchantpay.com\/de\/\"},{\"@type\":\"ListItem\",\"position\":2,\"name\":\"Privacy policy\"}]},{\"@type\":\"WebSite\",\"@id\":\"https:\/\/www.emerchantpay.com\/de\/#website\",\"url\":\"https:\/\/www.emerchantpay.com\/de\/\",\"name\":\"emerchantpay\",\"description\":\"Online &amp; POS Payments Made Easy\",\"publisher\":{\"@id\":\"https:\/\/www.emerchantpay.com\/de\/#organization\"},\"inLanguage\":\"de-DE\"},{\"@type\":\"Organization\",\"@id\":\"https:\/\/www.emerchantpay.com\/de\/#organization\",\"name\":\"emerchantpay\",\"url\":\"https:\/\/www.emerchantpay.com\/de\/\",\"logo\":{\"@type\":\"ImageObject\",\"inLanguage\":\"de-DE\",\"@id\":\"https:\/\/www.emerchantpay.com\/de\/#\/schema\/logo\/image\/\",\"url\":\"https:\/\/cdn.emerchantpay.com\/uploads\/2018\/05\/EMP-Avatar.jpg\",\"contentUrl\":\"https:\/\/cdn.emerchantpay.com\/uploads\/2018\/05\/EMP-Avatar.jpg\",\"width\":500,\"height\":500,\"caption\":\"emerchantpay\"},\"image\":{\"@id\":\"https:\/\/www.emerchantpay.com\/de\/#\/schema\/logo\/image\/\"},\"sameAs\":[\"https:\/\/www.facebook.com\/emerchantpay\",\"https:\/\/x.com\/emerchantpay\",\"https:\/\/www.linkedin.com\/company\/emerchantpay-ltd\/\",\"https:\/\/www.pinterest.co.uk\/emerchantpay\/\",\"https:\/\/www.youtube.com\/channel\/UC5lq-ZqlphsUVpLsDJmjLag\"]}]}<\/script>\n<!-- \/ Yoast SEO plugin. -->","yoast_head_json":{"title":"emerchantpay","robots":{"index":"index","follow":"follow","max-snippet":"max-snippet:-1","max-image-preview":"max-image-preview:large","max-video-preview":"max-video-preview:-1"},"og_locale":"en_US","article_publisher":"https:\/\/www.facebook.com\/emerchantpay","article_modified_time":"2024-11-28T14:35:19+00:00","og_image":[{"width":1256,"height":628,"url":"https:\/\/cdn.emerchantpay.com\/uploads\/Back-end-Image-1-1256x628-1.jpg","type":"image\/jpeg"}],"twitter_card":"summary_large_image","twitter_site":"@emerchantpay","twitter_misc":{"Est. reading time":"4 minutes"},"schema":{"@context":"https:\/\/schema.org","@graph":[{"@type":"WebPage","@id":"https:\/\/www.emerchantpay.com\/de\/privacy-policy\/","url":"https:\/\/www.emerchantpay.com\/de\/privacy-policy\/","name":"Datenschutzbestimmungen\u00a0| emerchantpay","isPartOf":{"@id":"https:\/\/www.emerchantpay.com\/de\/#website"},"datePublished":"2020-12-11T09:19:56+00:00","dateModified":"2024-11-28T14:35:19+00:00","description":"Datenschutzbestimmungen zur Erhebung, Nutzung und Offenlegung von personenbezogenen Daten auf der Website von emerchantpay.","breadcrumb":{"@id":"https:\/\/www.emerchantpay.com\/de\/privacy-policy\/#breadcrumb"},"inLanguage":"de-DE","potentialAction":[{"@type":"ReadAction","target":["https:\/\/www.emerchantpay.com\/de\/privacy-policy\/"]}]},{"@type":"BreadcrumbList","@id":"https:\/\/www.emerchantpay.com\/de\/privacy-policy\/#breadcrumb","itemListElement":[{"@type":"ListItem","position":1,"name":"Home","item":"https:\/\/www.emerchantpay.com\/de\/"},{"@type":"ListItem","position":2,"name":"Privacy policy"}]},{"@type":"WebSite","@id":"https:\/\/www.emerchantpay.com\/de\/#website","url":"https:\/\/www.emerchantpay.com\/de\/","name":"emerchantpay","description":"Online &amp; POS Payments Made Easy","publisher":{"@id":"https:\/\/www.emerchantpay.com\/de\/#organization"},"inLanguage":"de-DE"},{"@type":"Organization","@id":"https:\/\/www.emerchantpay.com\/de\/#organization","name":"emerchantpay","url":"https:\/\/www.emerchantpay.com\/de\/","logo":{"@type":"ImageObject","inLanguage":"de-DE","@id":"https:\/\/www.emerchantpay.com\/de\/#\/schema\/logo\/image\/","url":"https:\/\/cdn.emerchantpay.com\/uploads\/2018\/05\/EMP-Avatar.jpg","contentUrl":"https:\/\/cdn.emerchantpay.com\/uploads\/2018\/05\/EMP-Avatar.jpg","width":500,"height":500,"caption":"emerchantpay"},"image":{"@id":"https:\/\/www.emerchantpay.com\/de\/#\/schema\/logo\/image\/"},"sameAs":["https:\/\/www.facebook.com\/emerchantpay","https:\/\/x.com\/emerchantpay","https:\/\/www.linkedin.com\/company\/emerchantpay-ltd\/","https:\/\/www.pinterest.co.uk\/emerchantpay\/","https:\/\/www.youtube.com\/channel\/UC5lq-ZqlphsUVpLsDJmjLag"]}]}},"_links":{"self":[{"href":"https:\/\/www.emerchantpay.com\/de\/wp-json\/wp\/v2\/pages\/8109","targetHints":{"allow":["GET"]}}],"collection":[{"href":"https:\/\/www.emerchantpay.com\/de\/wp-json\/wp\/v2\/pages"}],"about":[{"href":"https:\/\/www.emerchantpay.com\/de\/wp-json\/wp\/v2\/types\/page"}],"author":[{"embeddable":true,"href":"https:\/\/www.emerchantpay.com\/de\/wp-json\/wp\/v2\/users\/25"}],"replies":[{"embeddable":true,"href":"https:\/\/www.emerchantpay.com\/de\/wp-json\/wp\/v2\/comments?post=8109"}],"version-history":[{"count":9,"href":"https:\/\/www.emerchantpay.com\/de\/wp-json\/wp\/v2\/pages\/8109\/revisions"}],"predecessor-version":[{"id":21605,"href":"https:\/\/www.emerchantpay.com\/de\/wp-json\/wp\/v2\/pages\/8109\/revisions\/21605"}],"wp:attachment":[{"href":"https:\/\/www.emerchantpay.com\/de\/wp-json\/wp\/v2\/media?parent=8109"}],"wp:term":[{"taxonomy":"post_tag","embeddable":true,"href":"https:\/\/www.emerchantpay.com\/de\/wp-json\/wp\/v2\/tags?post=8109"}],"curies":[{"name":"wp","href":"https:\/\/api.w.org\/{rel}","templated":true}]}}